{"id":4979,"date":"2018-10-05T05:14:26","date_gmt":"2018-10-05T05:14:26","guid":{"rendered":"https:\/\/dramjadi.com\/?page_id=4979"},"modified":"2020-03-25T14:41:45","modified_gmt":"2020-03-25T14:41:45","slug":"homepage","status":"publish","type":"page","link":"https:\/\/dramjadi.com\/es\/","title":{"rendered":"Homepage"},"content":{"rendered":"<section id=\"home-banner\">\n<div class=\"wrap\">\n<div class=\"banner-text banner-text-dk\">\n<h1>PLASTIC SURGERY<br \/>\nHOUSTON<\/h1>\n<\/div>\n<div class=\"banner-text banner-text-mb\">\n<h2>COSMETIC SURGERY<br \/>\n<strong>Excellence<\/strong><\/h2>\n<\/div>\n<\/div>\n<\/section>\n<section id=\"about-section\">\n<div class=\"wrap cols clear\">\n<div class=\"col line-height0 no-p-tags girl-links-img\">\n<img loading=\"lazy\" decoding=\"async\" id=\"Image-Maps-Com-image-maps-2019-11-26-102615\" src=\"\/wp-content\/uploads\/2019\/11\/about-girl-new2-es.png\" border=\"0\" width=\"785\" height=\"895\" orgWidth=\"785\" orgHeight=\"895\" usemap=\"#image-maps-2019-11-26-102615\" alt=\"\" \/><\/p>\n<map name=\"image-maps-2019-11-26-102615\" id=\"ImageMapsCom-image-maps-2019-11-26-102615\">\n<area shape=\"rect\" coords=\"783,893,785,895\" alt=\"Image Map\" style=\"outline:none;\" title=\"Image Map\" href=\"http:\/\/www.image-maps.com\/index.php?aff=mapped_users_0\" \/>\n<area  alt=\"\" title=\"\" href=\"\/es\/procedure-category\/face\/\" shape=\"poly\" coords=\"187,181,369,0,560,179,370,361\" style=\"outline:none;\" target=\"_self\"     \/>\n<area  alt=\"\" title=\"\" href=\"\/es\/procedure-category\/buttock\/\" shape=\"poly\" coords=\"314,446,543,220,777,447,544,677\" style=\"outline:none;\" target=\"_self\"     \/>\n<area  alt=\"\" title=\"\" href=\"\/es\/procedure-category\/body\/\" shape=\"poly\" coords=\"185,713,369,534,560,709,369,894\" style=\"outline:none;\" target=\"_self\"     \/>\n<area  alt=\"\" title=\"\" href=\"\/es\/procedure-category\/breasts\/\" shape=\"poly\" coords=\"0,441,207,236,369,393,316,447,360,495,206,653\" style=\"outline:none;\" target=\"_self\"     \/>\n<\/map>\n<\/p><\/div>\n<div class=\"col last\">\n<h3 class=\"special-heading\"><img decoding=\"async\" src=\"\/wp-content\/uploads\/2019\/08\/home-welcom-img.png\" alt=\"Welcome\">Resultados de Aspecto Natural<\/h3>\n<p class=\"para-content\">En PARS Plastic Surgery le aseguramos a nuestros pacientes un compromiso firme, dedicaci\u00f3n y perseverancia. La perfecci\u00f3n es subjetiva que depende de las percepciones individuales y la perserverancia. Sin embargo, te garantizamos resultados que se ven naturales despu\u00e9s de la cirug\u00eda, una simetr\u00eda proporcionada, razonable y l\u00edneas suaves y disimuladas en los puntos de incisi\u00f3n.<\/p>\n<p>            <a class=\"btn lg-btn\" href=\"\/es\/appointment\/\">Make an appointment<\/a>\n        <\/div>\n<\/p><\/div>\n<\/section>\n<section id=\"home-video-section\" class=\"home-new-section\">\n<div class=\"wrap\">\n<h4>Watch Our Youtube Videos<\/h4>\n<div class=\"swiper-container\">\n<div class=\"swiper-wrapper\">\n<div class=\"swiper-slide\"><a href=\"\/video\/\"><img decoding=\"async\" src=\"\/wp-content\/uploads\/2020\/02\/mommy-makeover-Youtube-Thumnail.jpg\" alt=\"mommy\" \/><\/a><\/div>\n<div class=\"swiper-slide\"><a href=\"\/video\/\"><img decoding=\"async\" src=\"\/wp-content\/uploads\/2020\/02\/breast-Augmentation-Youtube-Thumnail.jpg\" alt=\"breast\" \/><\/a><\/div>\n<div class=\"swiper-slide\"><a href=\"\/video\/\"><img decoding=\"async\" src=\"\/wp-content\/uploads\/2020\/02\/Arm-Lift-Youtube-Thumnail.jpg\" alt=\"Arm\" \/><\/a><\/div>\n<div class=\"swiper-slide\"><a href=\"\/video\/\"><img decoding=\"async\" src=\"\/wp-content\/uploads\/2020\/02\/mommy-makeover-Youtube-Thumnail.jpg\" alt=\"mommy\" \/><\/a><\/div>\n<div class=\"swiper-slide\"><a href=\"\/video\/\"><img decoding=\"async\" src=\"\/wp-content\/uploads\/2020\/02\/breast-Augmentation-Youtube-Thumnail.jpg\" alt=\"breast\" \/><\/a><\/div>\n<div class=\"swiper-slide\"><a href=\"\/video\/\"><img decoding=\"async\" src=\"\/wp-content\/uploads\/2020\/02\/Arm-Lift-Youtube-Thumnail.jpg\" alt=\"Arm\" \/><\/a><\/div>\n<\/div>\n<div class=\"swiper-button-prev\"><\/div>\n<div class=\"swiper-button-next\"><\/div>\n<\/div>\n<\/div>\n<\/section>\n<section id=\"home-services-section\" class=\"home-new-section\">\n<div class=\"wrap\">\n<h4><a href=\"\/services\/\">Our Services<\/a><\/h4>\n<div class=\"swiper-container\">\n<div class=\"swiper-wrapper\">\n<div class=\"swiper-slide\">\n<h5><a href=\"\/es\/procedure-category\/face\/\">Cara<\/a><\/h5>\n<ul>\n<li><a href=\"\/es\/procedures\/estiramiento-facial\/\">Estiramiento Facial<\/a><\/li>\n<li><a href=\"\/es\/procedures\/tratamientos-de-botox\/\">Tratamientos de Botox<\/a><\/li>\n<li><a href=\"\/es\/procedures\/cirugia-de-parpados\/\">Cirug\u00eda de p\u00e1rpados<\/a><\/li>\n<li><a href=\"#\">Lip Augmentation<\/a><\/li>\n<li><a href=\"\/es\/procedures\/remodelado-nasal\/\">Remodelado nasal<\/a><\/li>\n<\/ul>\n<\/div>\n<div class=\"swiper-slide\">\n<h5><a href=\"\/es\/procedure-category\/cuerpo\/\">Cuerpo<\/a><\/h5>\n<ul>\n<li><a href=\"\/es\/procedures\/cirugia-quita-barriga-abdominoplastia\/\">Cirug\u00eda Quita-Barriga \u2013 Abdominoplastia<\/a><\/li>\n<li><a href=\"\/es\/procedures\/liposuccion\/\">Liposucci\u00f3n<\/a><\/li>\n<li><a href=\"\/es\/procedures\/aumento-de-gluteos\/\">Aumento de Gl\u00fateos<\/a><\/li>\n<li><a href=\"\/es\/procedures\/lipectomia-abdominal\/\">Lipectom\u00eda abdominal<\/a><\/li>\n<\/ul>\n<\/div>\n<div class=\"swiper-slide\">\n<h5><a href=\"\/es\/procedure-category\/senos\/\">Senos<\/a><\/h5>\n<ul>\n<li><a href=\"\/es\/procedures\/aumento-de-senos\/\">Aumento de senos<\/a><\/li>\n<li><a href=\"\/es\/procedures\/levantamineto-de-senos\/\">Levantamineto de Senos<\/a><\/li>\n<li><a href=\"\/es\/procedures\/reduccion-de-senos\/\">Reducci\u00f3n de Senos<\/a><\/li>\n<li><a href=\"\/procedures\/inverted-nipple-correction\/\">Inverted Nipple Correction<\/a><\/li>\n<\/ul>\n<\/div>\n<div class=\"swiper-slide\">\n<h5><a href=\"\/es\/procedure-category\/gluteo\/\">Gluteo<\/a><\/h5>\n<ul>\n<li><a href=\"\/es\/procedures\/aumento-de-gluteos\/\">Aumento de Gl\u00fateos<\/a><\/li>\n<li><a href=\"\/es\/procedures\/transferencia-de-grasa\/\">Transferencia de grasa<\/a><\/li>\n<li><a href=\"\/es\/procedures\/levantamiento-de-gluteos\/\">Levantamiento de Gl\u00fateos<\/a><\/li>\n<li><a href=\"\/es\/procedures\/levantamiento-de-muslos\/\">Levantamiento de muslos<\/a><\/li>\n<\/ul>\n<\/div>\n<\/div>\n<div class=\"swiper-pagination\"><\/div>\n<\/div>\n<\/div>\n<\/section>\n<section id=\"home-gallery-section\" class=\"home-new-section\">\n<div class=\"wrap\">\n<h4>Plastic Surgery Before and After Photos<\/h4>\n<div class=\"image-gals\"><a href=\"\/before-and-after\/\"><img decoding=\"async\" src=\"\/wp-content\/uploads\/2020\/02\/home-bf-at-1.jpg\" alt=\"Before and After\" \/><\/a><br \/>\n<a href=\"\/before-and-after\/\"><img decoding=\"async\" src=\"\/wp-content\/uploads\/2020\/02\/home-bf-at-2-2.jpg\" alt=\"Before and After\" \/><\/a><\/div>\n<p class=\"no-margin\"><a class=\"btn lg-btn\" href=\"\/before-and-after\/\">M\u00c1S INFORMACI\u00d3N<\/a><\/p>\n<\/div>\n<\/section>\n<section id=\"dr-amjadi\">\n<div class=\"wrap clear\">\n<div class=\"col col-before-after\">\n<h2 class=\"heading\">SOBRE EL Dr. AMJADI<\/h2>\n<h3 class=\"special-heading\">ROJAN AMJADI, md, dds, facs<\/h3>\n<p class=\"para-content\">El Dr. Rojan Amjadi M. D. es un especialista acreditado por la Junta Americana de Cirujanos Pl\u00e1sticos. Obtuvo su t\u00edtulo de m\u00e9dico y se gradu\u00f3 con honores de la Universidad de Texas. Se especializ\u00f3 en cirug\u00eda pl\u00e1stica en la Universidad de Texas Medical Center, y actualmente es miembro de la Sociedad Americana de Cirujanos Pl\u00e1sticos, el Colegio Americano de Cirujanos, y otras organizaciones de cirug\u00eda pl\u00e1stica. Ha ejercido como cirujano desde 1999 utilizando la informaci\u00f3n m\u00e1s actualizada, y lo \u00faltimo en t\u00e9cnicas cosm\u00e9ticas disponibles.<\/p>\n<p>            <a class=\"btn lg-btn btn-black\" href=\"https:\/\/dramjadi.com\/es\/dr-amjadi\/\">M\u00c1S INFORMACI\u00d3N<\/a><\/div>\n<div class=\"col photo-img line-height0\">\n            <img decoding=\"async\" alt=\"Dr. Amjadi\" src=\"https:\/\/dramjadi.com\/wp-content\/uploads\/2018\/09\/dramjadi.png\"><\/div>\n<div class=\"triangle\">Arrow<\/div>\n<\/p><\/div>\n<ul id=\"banner-bar\">\n<li><img decoding=\"async\" alt=\"Banner\" src=\"https:\/\/dramjadi.com\/wp-content\/uploads\/2018\/09\/bn1.png\"><\/li>\n<li><img decoding=\"async\" alt=\"Banner\" src=\"https:\/\/dramjadi.com\/wp-content\/uploads\/2018\/09\/bn2.png\"><\/li>\n<li><img decoding=\"async\" alt=\"Banner\" src=\"https:\/\/dramjadi.com\/wp-content\/uploads\/2018\/09\/bn3.png\"><\/li>\n<li><img decoding=\"async\" alt=\"Banner\" src=\"https:\/\/dramjadi.com\/wp-content\/uploads\/2018\/09\/bn4.png\"><\/li>\n<li><img decoding=\"async\" alt=\"Banner\" src=\"https:\/\/dramjadi.com\/wp-content\/uploads\/2018\/09\/bn5.png\"><\/li>\n<\/ul>\n<\/section>\n","protected":false},"excerpt":{"rendered":"<p>PLASTIC SURGERY HOUSTON COSMETIC SURGERY Excellence Resultados de Aspecto Natural En PARS Plastic Surgery le aseguramos a nuestros pacientes un compromiso firme, dedicaci\u00f3n y perseverancia. La perfecci\u00f3n es subjetiva que depende de las percepciones individuales y la perserverancia. Sin embargo, te garantizamos resultados que se ven naturales despu\u00e9s de la cirug\u00eda, una simetr\u00eda proporcionada, razonable [&hellip;]<\/p>\n","protected":false},"author":1,"featured_media":0,"parent":0,"menu_order":0,"comment_status":"closed","ping_status":"closed","template":"homepage.php","meta":{"footnotes":""},"class_list":["post-4979","page","type-page","status-publish","hentry"],"acf":[],"yoast_head":"<!-- This site is optimized with the Yoast SEO plugin v23.8 - https:\/\/yoast.com\/wordpress\/plugins\/seo\/ -->\n<title>Homepage - Plastic Surgery Houston | Cosmetic Surgeon &amp; Dermatologist<\/title>\n<meta name=\"robots\" content=\"index, follow, max-snippet:-1, max-image-preview:large, max-video-preview:-1\" \/>\n<link rel=\"canonical\" href=\"https:\/\/dramjadi.com\/es\/\" \/>\n<meta property=\"og:locale\" content=\"es_ES\" \/>\n<meta property=\"og:type\" content=\"article\" \/>\n<meta property=\"og:title\" content=\"Homepage - Plastic Surgery Houston | Cosmetic Surgeon &amp; Dermatologist\" \/>\n<meta property=\"og:description\" content=\"PLASTIC SURGERY HOUSTON COSMETIC SURGERY Excellence Resultados de Aspecto Natural En PARS Plastic Surgery le aseguramos a nuestros pacientes un compromiso firme, dedicaci\u00f3n y perseverancia. La perfecci\u00f3n es subjetiva que depende de las percepciones individuales y la perserverancia. Sin embargo, te garantizamos resultados que se ven naturales despu\u00e9s de la cirug\u00eda, una simetr\u00eda proporcionada, razonable [&hellip;]\" \/>\n<meta property=\"og:url\" content=\"https:\/\/dramjadi.com\/es\/\" \/>\n<meta property=\"og:site_name\" content=\"Plastic Surgery Houston | Cosmetic Surgeon &amp; Dermatologist\" \/>\n<meta property=\"article:modified_time\" content=\"2020-03-25T14:41:45+00:00\" \/>\n<meta property=\"og:image\" content=\"https:\/\/dramjadi.com\/wp-content\/uploads\/2018\/09\/dramjadi.png\" \/>\n<meta name=\"twitter:card\" content=\"summary_large_image\" \/>\n<meta name=\"twitter:label1\" content=\"Tiempo de lectura\" \/>\n\t<meta name=\"twitter:data1\" content=\"1 minuto\" \/>\n<script type=\"application\/ld+json\" class=\"yoast-schema-graph\">{\"@context\":\"https:\/\/schema.org\",\"@graph\":[{\"@type\":\"WebPage\",\"@id\":\"https:\/\/dramjadi.com\/es\/\",\"url\":\"https:\/\/dramjadi.com\/es\/\",\"name\":\"Homepage - Plastic Surgery Houston | Cosmetic Surgeon &amp; Dermatologist\",\"isPartOf\":{\"@id\":\"https:\/\/dramjadi.com\/es\/#website\"},\"primaryImageOfPage\":{\"@id\":\"https:\/\/dramjadi.com\/es\/#primaryimage\"},\"image\":{\"@id\":\"https:\/\/dramjadi.com\/es\/#primaryimage\"},\"thumbnailUrl\":\"https:\/\/dramjadi.com\/wp-content\/uploads\/2018\/09\/dramjadi.png\",\"datePublished\":\"2018-10-05T05:14:26+00:00\",\"dateModified\":\"2020-03-25T14:41:45+00:00\",\"breadcrumb\":{\"@id\":\"https:\/\/dramjadi.com\/es\/#breadcrumb\"},\"inLanguage\":\"es\",\"potentialAction\":[{\"@type\":\"ReadAction\",\"target\":[\"https:\/\/dramjadi.com\/es\/\"]}]},{\"@type\":\"ImageObject\",\"inLanguage\":\"es\",\"@id\":\"https:\/\/dramjadi.com\/es\/#primaryimage\",\"url\":\"https:\/\/dramjadi.com\/wp-content\/uploads\/2018\/09\/dramjadi.png\",\"contentUrl\":\"https:\/\/dramjadi.com\/wp-content\/uploads\/2018\/09\/dramjadi.png\"},{\"@type\":\"BreadcrumbList\",\"@id\":\"https:\/\/dramjadi.com\/es\/#breadcrumb\",\"itemListElement\":[{\"@type\":\"ListItem\",\"position\":1,\"name\":\"Home\",\"item\":\"https:\/\/dramjadi.com\/es\/\"},{\"@type\":\"ListItem\",\"position\":2,\"name\":\"Homepage\"}]},{\"@type\":\"WebSite\",\"@id\":\"https:\/\/dramjadi.com\/es\/#website\",\"url\":\"https:\/\/dramjadi.com\/es\/\",\"name\":\"Plastic Surgery Houston | Cosmetic Surgeon &amp; Dermatologist\",\"description\":\"Plastic Surgery Houston Office Offering Tummy Tucks, Liposuction, Breast Augmentation, and more.\",\"publisher\":{\"@id\":\"https:\/\/dramjadi.com\/es\/#organization\"},\"potentialAction\":[{\"@type\":\"SearchAction\",\"target\":{\"@type\":\"EntryPoint\",\"urlTemplate\":\"https:\/\/dramjadi.com\/es\/?s={search_term_string}\"},\"query-input\":{\"@type\":\"PropertyValueSpecification\",\"valueRequired\":true,\"valueName\":\"search_term_string\"}}],\"inLanguage\":\"es\"},{\"@type\":\"Organization\",\"@id\":\"https:\/\/dramjadi.com\/es\/#organization\",\"name\":\"Plastic Surgery Houston | Cosmetic Surgeon &amp; Dermatologist\",\"url\":\"https:\/\/dramjadi.com\/es\/\",\"logo\":{\"@type\":\"ImageObject\",\"inLanguage\":\"es\",\"@id\":\"https:\/\/dramjadi.com\/es\/#\/schema\/logo\/image\/\",\"url\":\"https:\/\/dramjadi.com\/wp-content\/uploads\/2018\/09\/logo.png\",\"contentUrl\":\"https:\/\/dramjadi.com\/wp-content\/uploads\/2018\/09\/logo.png\",\"width\":59,\"height\":67,\"caption\":\"Plastic Surgery Houston | Cosmetic Surgeon &amp; Dermatologist\"},\"image\":{\"@id\":\"https:\/\/dramjadi.com\/es\/#\/schema\/logo\/image\/\"}}]}<\/script>\n<!-- \/ Yoast SEO plugin. -->","yoast_head_json":{"title":"Homepage - Plastic Surgery Houston | Cosmetic Surgeon &amp; Dermatologist","robots":{"index":"index","follow":"follow","max-snippet":"max-snippet:-1","max-image-preview":"max-image-preview:large","max-video-preview":"max-video-preview:-1"},"canonical":"https:\/\/dramjadi.com\/es\/","og_locale":"es_ES","og_type":"article","og_title":"Homepage - Plastic Surgery Houston | Cosmetic Surgeon &amp; Dermatologist","og_description":"PLASTIC SURGERY HOUSTON COSMETIC SURGERY Excellence Resultados de Aspecto Natural En PARS Plastic Surgery le aseguramos a nuestros pacientes un compromiso firme, dedicaci\u00f3n y perseverancia. La perfecci\u00f3n es subjetiva que depende de las percepciones individuales y la perserverancia. Sin embargo, te garantizamos resultados que se ven naturales despu\u00e9s de la cirug\u00eda, una simetr\u00eda proporcionada, razonable [&hellip;]","og_url":"https:\/\/dramjadi.com\/es\/","og_site_name":"Plastic Surgery Houston | Cosmetic Surgeon &amp; Dermatologist","article_modified_time":"2020-03-25T14:41:45+00:00","og_image":[{"url":"https:\/\/dramjadi.com\/wp-content\/uploads\/2018\/09\/dramjadi.png"}],"twitter_card":"summary_large_image","twitter_misc":{"Tiempo de lectura":"1 minuto"},"schema":{"@context":"https:\/\/schema.org","@graph":[{"@type":"WebPage","@id":"https:\/\/dramjadi.com\/es\/","url":"https:\/\/dramjadi.com\/es\/","name":"Homepage - Plastic Surgery Houston | Cosmetic Surgeon &amp; Dermatologist","isPartOf":{"@id":"https:\/\/dramjadi.com\/es\/#website"},"primaryImageOfPage":{"@id":"https:\/\/dramjadi.com\/es\/#primaryimage"},"image":{"@id":"https:\/\/dramjadi.com\/es\/#primaryimage"},"thumbnailUrl":"https:\/\/dramjadi.com\/wp-content\/uploads\/2018\/09\/dramjadi.png","datePublished":"2018-10-05T05:14:26+00:00","dateModified":"2020-03-25T14:41:45+00:00","breadcrumb":{"@id":"https:\/\/dramjadi.com\/es\/#breadcrumb"},"inLanguage":"es","potentialAction":[{"@type":"ReadAction","target":["https:\/\/dramjadi.com\/es\/"]}]},{"@type":"ImageObject","inLanguage":"es","@id":"https:\/\/dramjadi.com\/es\/#primaryimage","url":"https:\/\/dramjadi.com\/wp-content\/uploads\/2018\/09\/dramjadi.png","contentUrl":"https:\/\/dramjadi.com\/wp-content\/uploads\/2018\/09\/dramjadi.png"},{"@type":"BreadcrumbList","@id":"https:\/\/dramjadi.com\/es\/#breadcrumb","itemListElement":[{"@type":"ListItem","position":1,"name":"Home","item":"https:\/\/dramjadi.com\/es\/"},{"@type":"ListItem","position":2,"name":"Homepage"}]},{"@type":"WebSite","@id":"https:\/\/dramjadi.com\/es\/#website","url":"https:\/\/dramjadi.com\/es\/","name":"Plastic Surgery Houston | Cosmetic Surgeon &amp; Dermatologist","description":"Plastic Surgery Houston Office Offering Tummy Tucks, Liposuction, Breast Augmentation, and more.","publisher":{"@id":"https:\/\/dramjadi.com\/es\/#organization"},"potentialAction":[{"@type":"SearchAction","target":{"@type":"EntryPoint","urlTemplate":"https:\/\/dramjadi.com\/es\/?s={search_term_string}"},"query-input":{"@type":"PropertyValueSpecification","valueRequired":true,"valueName":"search_term_string"}}],"inLanguage":"es"},{"@type":"Organization","@id":"https:\/\/dramjadi.com\/es\/#organization","name":"Plastic Surgery Houston | Cosmetic Surgeon &amp; Dermatologist","url":"https:\/\/dramjadi.com\/es\/","logo":{"@type":"ImageObject","inLanguage":"es","@id":"https:\/\/dramjadi.com\/es\/#\/schema\/logo\/image\/","url":"https:\/\/dramjadi.com\/wp-content\/uploads\/2018\/09\/logo.png","contentUrl":"https:\/\/dramjadi.com\/wp-content\/uploads\/2018\/09\/logo.png","width":59,"height":67,"caption":"Plastic Surgery Houston | Cosmetic Surgeon &amp; Dermatologist"},"image":{"@id":"https:\/\/dramjadi.com\/es\/#\/schema\/logo\/image\/"}}]}},"_links":{"self":[{"href":"https:\/\/dramjadi.com\/es\/wp-json\/wp\/v2\/pages\/4979"}],"collection":[{"href":"https:\/\/dramjadi.com\/es\/wp-json\/wp\/v2\/pages"}],"about":[{"href":"https:\/\/dramjadi.com\/es\/wp-json\/wp\/v2\/types\/page"}],"author":[{"embeddable":true,"href":"https:\/\/dramjadi.com\/es\/wp-json\/wp\/v2\/users\/1"}],"replies":[{"embeddable":true,"href":"https:\/\/dramjadi.com\/es\/wp-json\/wp\/v2\/comments?post=4979"}],"version-history":[{"count":50,"href":"https:\/\/dramjadi.com\/es\/wp-json\/wp\/v2\/pages\/4979\/revisions"}],"predecessor-version":[{"id":6792,"href":"https:\/\/dramjadi.com\/es\/wp-json\/wp\/v2\/pages\/4979\/revisions\/6792"}],"wp:attachment":[{"href":"https:\/\/dramjadi.com\/es\/wp-json\/wp\/v2\/media?parent=4979"}],"curies":[{"name":"wp","href":"https:\/\/api.w.org\/{rel}","templated":true}]}}