{"id":4983,"date":"2018-10-05T09:31:06","date_gmt":"2018-10-05T09:31:06","guid":{"rendered":"https:\/\/dramjadi.com\/?page_id=4983"},"modified":"2019-12-23T00:42:41","modified_gmt":"2019-12-23T00:42:41","slug":"about-us","status":"publish","type":"page","link":"https:\/\/dramjadi.com\/es\/about-us\/","title":{"rendered":"Sobre Nosotros"},"content":{"rendered":"<div class=\"page-content\">\n<div class=\"wrap\">\n<h1 class=\"content-heading text-center\">NUESTROS PROCEDIMIENTOS<\/h1>\n<div class=\"cols cols-content clear\">\n<div class=\"col\">\n<div class=\"icon-boxt-content\">\n<p><span class=\"content-icon\"><img decoding=\"async\" src=\"https:\/\/dramjadi.com\/wp-content\/uploads\/2018\/09\/safety.png\" alt=\"UNCOMPROMISING SAFETY\" \/><\/span><\/p>\n<h3>SEGURIDAD GARANTIZADA<\/h3>\n<p class=\"para-content\">La seguridad, la esterilizaci\u00f3n y el control de infecciones es de suma importancia para nosotros. Para proteger a nuestros pacientes y a nosotros mismos, tenemos est\u00e1ndares estrictos de esterilizaci\u00f3n y seguridad para garantizar que est\u00e9s protegido en todo momento.<\/p>\n<\/div>\n<div class=\"icon-boxt-content\">\n<p><span class=\"content-icon\"><img decoding=\"async\" src=\"https:\/\/dramjadi.com\/wp-content\/uploads\/2018\/09\/edu.png\" alt=\"EDUCATION &amp; EXPERIENCE\" \/><\/span><\/p>\n<h3>EDUCACI\u00d3N Y EXPERIENCIA<\/h3>\n<p class=\"para-content\">Creemos firmemente que la excelencia en la pr\u00e1ctica de las cirug\u00edas pl\u00e1sticas se logra a partir de la educaci\u00f3n y la experiencia. Nos esforzamos por estar al d\u00eda con las \u00faltimas t\u00e9cnicas y est\u00e1ndares disponibles para que nuestros pacientes puedan pasar por una operaci\u00f3n segura que garantice los mejores resultados. Por eso nos enfocamos en hacer ex\u00e1menes rigurosos, evaluamos tu estado de salud antes de la cirug\u00eda. Tambi\u00e9n sabemos que las cirug\u00edas nunca se convierten en una rutina, sin importar cuantas hayamos hecho antes. Nunca dejamos de valorar la confianza que depositas en nosotros. Por esa mismo raz\u00f3n, evaluamos tu estado de salud, tu historia cl\u00ednica, las expectativas que tengas para la cirug\u00eda y lo que te llev\u00f3 a elegir el tipo de cirug\u00eda que quieres. Tenemos en cuenta todo eso antes de acceder a realizar cualquier procedimiento.<\/p>\n<\/div>\n<div class=\"icon-boxt-content\">\n<p><span class=\"content-icon\"><img decoding=\"async\" src=\"https:\/\/dramjadi.com\/wp-content\/uploads\/2018\/09\/experience.png\" alt=\"A POSITIVE EXPERIENCE\" \/><\/span><\/p>\n<h3>UNA EXPERIENCIA POSITIVA<\/h3>\n<p class=\"para-content\">Crear un v\u00ednculo de confianza al tratar a cada paciente como \u00fanico es clave para nuestro \u00e9xito. Sabemos que muchos pacientes no se sienten c\u00f3modos con las cirug\u00edas, pero tambi\u00e9n sabemos que podemos brindarles una experiencia positiva que puede llegar a cambiarles la vida. Nuestro equipo entero se dedica a proveer un servicio excelente y personalizado para que tu consulta y tu cirug\u00eda resulten lo m\u00e1s c\u00f3modas posibles.<\/p>\n<p class=\"para-content\">Te agradecemos por darnos la posibilidad de mejorar tu apariencia de acuerdo con tus requerimientos y estamos encantados de ayudarte.<\/p>\n<\/div>\n<\/div>\n<div class=\"col\">\n<div class=\"icon-boxt-content\">\n<p><span class=\"content-icon\"><img decoding=\"async\" src=\"https:\/\/dramjadi.com\/wp-content\/uploads\/2018\/09\/standars.png\" alt=\"HIGH STANDARDS\" \/><\/span><\/p>\n<h3>EST\u00c1NDARES ELEVADOS<\/h3>\n<p class=\"para-content\">Nuestros est\u00e1ndares de excelencia en el cuidado del paciente nos permiten proveer el servicio de calidad que nuestros pacientes se merecen. Planeamos en detalle los tratamientos y seguimos normas estrictas para asegurarte que la cirug\u00eda saldr\u00e1 bien y te dar\u00e1 los resultados que buscas.<\/p>\n<\/div>\n<div class=\"icon-boxt-content\">\n<p><span class=\"content-icon\"><img decoding=\"async\" src=\"https:\/\/dramjadi.com\/wp-content\/uploads\/2018\/09\/specialties.png\" alt=\"TRAINING &amp; EXPERTISE\" \/><\/span><\/p>\n<h3>CAPACITACI\u00d3N Y EXPERIENCIA<\/h3>\n<p class=\"para-content\">Queremos darte la seguridad de que somos un equipo de profesionales m\u00e9dicos entrenados y capacitados. Nos enorgullece proveer el cuidado que necesitas para garantizarte siempre una sonrisa. Para brindarte el mejor servicio y los mejores resultados, nosotros estamos comprometidos a aprender de manera constante. Asistimos a cursos sobre cirug\u00edas est\u00e9ticas, reuniones y congresos sobre el tema para mantenernos al tanto de nuevas t\u00e9cnicas, los \u00faltimos productos y la \u00faltima tecnolog\u00eda que una cl\u00ednica puede utilizar para brindarte los procedimientos m\u00e1s avanzados. Tambi\u00e9n, como somos miembros de varias asociaciones sobre cirug\u00edas pl\u00e1sticas, nos mantenemos informados sobre los cambios y las recomendaciones para ejercer nuestra profesi\u00f3n.<\/p>\n<\/div>\n<\/div>\n<\/div>\n<\/div>\n<\/div>\n","protected":false},"excerpt":{"rendered":"<p>NUESTROS PROCEDIMIENTOS SEGURIDAD GARANTIZADA La seguridad, la esterilizaci\u00f3n y el control de infecciones es de suma importancia para nosotros. Para proteger a nuestros pacientes y a nosotros mismos, tenemos est\u00e1ndares estrictos de esterilizaci\u00f3n y seguridad para garantizar que est\u00e9s protegido en todo momento. EDUCACI\u00d3N Y EXPERIENCIA Creemos firmemente que la excelencia en la pr\u00e1ctica de [&hellip;]<\/p>\n","protected":false},"author":1,"featured_media":0,"parent":0,"menu_order":0,"comment_status":"closed","ping_status":"closed","template":"","meta":{"footnotes":""},"class_list":["post-4983","page","type-page","status-publish","hentry"],"acf":[],"yoast_head":"<!-- This site is optimized with the Yoast SEO plugin v23.8 - https:\/\/yoast.com\/wordpress\/plugins\/seo\/ -->\n<title>Sobre Nosotros - Plastic Surgery Houston | Cosmetic Surgeon &amp; Dermatologist<\/title>\n<meta name=\"robots\" content=\"index, follow, max-snippet:-1, max-image-preview:large, max-video-preview:-1\" \/>\n<link rel=\"canonical\" href=\"https:\/\/dramjadi.com\/es\/about-us\/\" \/>\n<meta property=\"og:locale\" content=\"es_ES\" \/>\n<meta property=\"og:type\" content=\"article\" \/>\n<meta property=\"og:title\" content=\"Sobre Nosotros - Plastic Surgery Houston | Cosmetic Surgeon &amp; Dermatologist\" \/>\n<meta property=\"og:description\" content=\"NUESTROS PROCEDIMIENTOS SEGURIDAD GARANTIZADA La seguridad, la esterilizaci\u00f3n y el control de infecciones es de suma importancia para nosotros. Para proteger a nuestros pacientes y a nosotros mismos, tenemos est\u00e1ndares estrictos de esterilizaci\u00f3n y seguridad para garantizar que est\u00e9s protegido en todo momento. EDUCACI\u00d3N Y EXPERIENCIA Creemos firmemente que la excelencia en la pr\u00e1ctica de [&hellip;]\" \/>\n<meta property=\"og:url\" content=\"https:\/\/dramjadi.com\/es\/about-us\/\" \/>\n<meta property=\"og:site_name\" content=\"Plastic Surgery Houston | Cosmetic Surgeon &amp; Dermatologist\" \/>\n<meta property=\"article:modified_time\" content=\"2019-12-23T00:42:41+00:00\" \/>\n<meta property=\"og:image\" content=\"https:\/\/dramjadi.com\/wp-content\/uploads\/2018\/09\/safety.png\" \/>\n<meta name=\"twitter:card\" content=\"summary_large_image\" \/>\n<meta name=\"twitter:label1\" content=\"Tiempo de lectura\" \/>\n\t<meta name=\"twitter:data1\" content=\"2 minutos\" \/>\n<script type=\"application\/ld+json\" class=\"yoast-schema-graph\">{\"@context\":\"https:\/\/schema.org\",\"@graph\":[{\"@type\":\"WebPage\",\"@id\":\"https:\/\/dramjadi.com\/es\/about-us\/\",\"url\":\"https:\/\/dramjadi.com\/es\/about-us\/\",\"name\":\"Sobre Nosotros - Plastic Surgery Houston | Cosmetic Surgeon &amp; Dermatologist\",\"isPartOf\":{\"@id\":\"https:\/\/dramjadi.com\/es\/#website\"},\"primaryImageOfPage\":{\"@id\":\"https:\/\/dramjadi.com\/es\/about-us\/#primaryimage\"},\"image\":{\"@id\":\"https:\/\/dramjadi.com\/es\/about-us\/#primaryimage\"},\"thumbnailUrl\":\"https:\/\/dramjadi.com\/wp-content\/uploads\/2018\/09\/safety.png\",\"datePublished\":\"2018-10-05T09:31:06+00:00\",\"dateModified\":\"2019-12-23T00:42:41+00:00\",\"breadcrumb\":{\"@id\":\"https:\/\/dramjadi.com\/es\/about-us\/#breadcrumb\"},\"inLanguage\":\"es\",\"potentialAction\":[{\"@type\":\"ReadAction\",\"target\":[\"https:\/\/dramjadi.com\/es\/about-us\/\"]}]},{\"@type\":\"ImageObject\",\"inLanguage\":\"es\",\"@id\":\"https:\/\/dramjadi.com\/es\/about-us\/#primaryimage\",\"url\":\"https:\/\/dramjadi.com\/wp-content\/uploads\/2018\/09\/safety.png\",\"contentUrl\":\"https:\/\/dramjadi.com\/wp-content\/uploads\/2018\/09\/safety.png\"},{\"@type\":\"BreadcrumbList\",\"@id\":\"https:\/\/dramjadi.com\/es\/about-us\/#breadcrumb\",\"itemListElement\":[{\"@type\":\"ListItem\",\"position\":1,\"name\":\"Home\",\"item\":\"https:\/\/dramjadi.com\/es\/\"},{\"@type\":\"ListItem\",\"position\":2,\"name\":\"Sobre Nosotros\"}]},{\"@type\":\"WebSite\",\"@id\":\"https:\/\/dramjadi.com\/es\/#website\",\"url\":\"https:\/\/dramjadi.com\/es\/\",\"name\":\"Plastic Surgery Houston | Cosmetic Surgeon &amp; Dermatologist\",\"description\":\"Plastic Surgery Houston Office Offering Tummy Tucks, Liposuction, Breast Augmentation, and more.\",\"publisher\":{\"@id\":\"https:\/\/dramjadi.com\/es\/#organization\"},\"potentialAction\":[{\"@type\":\"SearchAction\",\"target\":{\"@type\":\"EntryPoint\",\"urlTemplate\":\"https:\/\/dramjadi.com\/es\/?s={search_term_string}\"},\"query-input\":{\"@type\":\"PropertyValueSpecification\",\"valueRequired\":true,\"valueName\":\"search_term_string\"}}],\"inLanguage\":\"es\"},{\"@type\":\"Organization\",\"@id\":\"https:\/\/dramjadi.com\/es\/#organization\",\"name\":\"Plastic Surgery Houston | Cosmetic Surgeon &amp; Dermatologist\",\"url\":\"https:\/\/dramjadi.com\/es\/\",\"logo\":{\"@type\":\"ImageObject\",\"inLanguage\":\"es\",\"@id\":\"https:\/\/dramjadi.com\/es\/#\/schema\/logo\/image\/\",\"url\":\"https:\/\/dramjadi.com\/wp-content\/uploads\/2018\/09\/logo.png\",\"contentUrl\":\"https:\/\/dramjadi.com\/wp-content\/uploads\/2018\/09\/logo.png\",\"width\":59,\"height\":67,\"caption\":\"Plastic Surgery Houston | Cosmetic Surgeon &amp; Dermatologist\"},\"image\":{\"@id\":\"https:\/\/dramjadi.com\/es\/#\/schema\/logo\/image\/\"}}]}<\/script>\n<!-- \/ Yoast SEO plugin. -->","yoast_head_json":{"title":"Sobre Nosotros - Plastic Surgery Houston | Cosmetic Surgeon &amp; Dermatologist","robots":{"index":"index","follow":"follow","max-snippet":"max-snippet:-1","max-image-preview":"max-image-preview:large","max-video-preview":"max-video-preview:-1"},"canonical":"https:\/\/dramjadi.com\/es\/about-us\/","og_locale":"es_ES","og_type":"article","og_title":"Sobre Nosotros - Plastic Surgery Houston | Cosmetic Surgeon &amp; Dermatologist","og_description":"NUESTROS PROCEDIMIENTOS SEGURIDAD GARANTIZADA La seguridad, la esterilizaci\u00f3n y el control de infecciones es de suma importancia para nosotros. Para proteger a nuestros pacientes y a nosotros mismos, tenemos est\u00e1ndares estrictos de esterilizaci\u00f3n y seguridad para garantizar que est\u00e9s protegido en todo momento. EDUCACI\u00d3N Y EXPERIENCIA Creemos firmemente que la excelencia en la pr\u00e1ctica de [&hellip;]","og_url":"https:\/\/dramjadi.com\/es\/about-us\/","og_site_name":"Plastic Surgery Houston | Cosmetic Surgeon &amp; Dermatologist","article_modified_time":"2019-12-23T00:42:41+00:00","og_image":[{"url":"https:\/\/dramjadi.com\/wp-content\/uploads\/2018\/09\/safety.png"}],"twitter_card":"summary_large_image","twitter_misc":{"Tiempo de lectura":"2 minutos"},"schema":{"@context":"https:\/\/schema.org","@graph":[{"@type":"WebPage","@id":"https:\/\/dramjadi.com\/es\/about-us\/","url":"https:\/\/dramjadi.com\/es\/about-us\/","name":"Sobre Nosotros - Plastic Surgery Houston | Cosmetic Surgeon &amp; Dermatologist","isPartOf":{"@id":"https:\/\/dramjadi.com\/es\/#website"},"primaryImageOfPage":{"@id":"https:\/\/dramjadi.com\/es\/about-us\/#primaryimage"},"image":{"@id":"https:\/\/dramjadi.com\/es\/about-us\/#primaryimage"},"thumbnailUrl":"https:\/\/dramjadi.com\/wp-content\/uploads\/2018\/09\/safety.png","datePublished":"2018-10-05T09:31:06+00:00","dateModified":"2019-12-23T00:42:41+00:00","breadcrumb":{"@id":"https:\/\/dramjadi.com\/es\/about-us\/#breadcrumb"},"inLanguage":"es","potentialAction":[{"@type":"ReadAction","target":["https:\/\/dramjadi.com\/es\/about-us\/"]}]},{"@type":"ImageObject","inLanguage":"es","@id":"https:\/\/dramjadi.com\/es\/about-us\/#primaryimage","url":"https:\/\/dramjadi.com\/wp-content\/uploads\/2018\/09\/safety.png","contentUrl":"https:\/\/dramjadi.com\/wp-content\/uploads\/2018\/09\/safety.png"},{"@type":"BreadcrumbList","@id":"https:\/\/dramjadi.com\/es\/about-us\/#breadcrumb","itemListElement":[{"@type":"ListItem","position":1,"name":"Home","item":"https:\/\/dramjadi.com\/es\/"},{"@type":"ListItem","position":2,"name":"Sobre Nosotros"}]},{"@type":"WebSite","@id":"https:\/\/dramjadi.com\/es\/#website","url":"https:\/\/dramjadi.com\/es\/","name":"Plastic Surgery Houston | Cosmetic Surgeon &amp; Dermatologist","description":"Plastic Surgery Houston Office Offering Tummy Tucks, Liposuction, Breast Augmentation, and more.","publisher":{"@id":"https:\/\/dramjadi.com\/es\/#organization"},"potentialAction":[{"@type":"SearchAction","target":{"@type":"EntryPoint","urlTemplate":"https:\/\/dramjadi.com\/es\/?s={search_term_string}"},"query-input":{"@type":"PropertyValueSpecification","valueRequired":true,"valueName":"search_term_string"}}],"inLanguage":"es"},{"@type":"Organization","@id":"https:\/\/dramjadi.com\/es\/#organization","name":"Plastic Surgery Houston | Cosmetic Surgeon &amp; Dermatologist","url":"https:\/\/dramjadi.com\/es\/","logo":{"@type":"ImageObject","inLanguage":"es","@id":"https:\/\/dramjadi.com\/es\/#\/schema\/logo\/image\/","url":"https:\/\/dramjadi.com\/wp-content\/uploads\/2018\/09\/logo.png","contentUrl":"https:\/\/dramjadi.com\/wp-content\/uploads\/2018\/09\/logo.png","width":59,"height":67,"caption":"Plastic Surgery Houston | Cosmetic Surgeon &amp; Dermatologist"},"image":{"@id":"https:\/\/dramjadi.com\/es\/#\/schema\/logo\/image\/"}}]}},"_links":{"self":[{"href":"https:\/\/dramjadi.com\/es\/wp-json\/wp\/v2\/pages\/4983"}],"collection":[{"href":"https:\/\/dramjadi.com\/es\/wp-json\/wp\/v2\/pages"}],"about":[{"href":"https:\/\/dramjadi.com\/es\/wp-json\/wp\/v2\/types\/page"}],"author":[{"embeddable":true,"href":"https:\/\/dramjadi.com\/es\/wp-json\/wp\/v2\/users\/1"}],"replies":[{"embeddable":true,"href":"https:\/\/dramjadi.com\/es\/wp-json\/wp\/v2\/comments?post=4983"}],"version-history":[{"count":8,"href":"https:\/\/dramjadi.com\/es\/wp-json\/wp\/v2\/pages\/4983\/revisions"}],"predecessor-version":[{"id":6482,"href":"https:\/\/dramjadi.com\/es\/wp-json\/wp\/v2\/pages\/4983\/revisions\/6482"}],"wp:attachment":[{"href":"https:\/\/dramjadi.com\/es\/wp-json\/wp\/v2\/media?parent=4983"}],"curies":[{"name":"wp","href":"https:\/\/api.w.org\/{rel}","templated":true}]}}