{"id":5002,"date":"2018-10-05T11:09:49","date_gmt":"2018-10-05T11:09:49","guid":{"rendered":"https:\/\/dramjadi.com\/?page_id=5002"},"modified":"2019-08-12T07:49:25","modified_gmt":"2019-08-12T07:49:25","slug":"contact-us","status":"publish","type":"page","link":"https:\/\/dramjadi.com\/es\/contact-us\/","title":{"rendered":"CONT\u00c1CTENOS"},"content":{"rendered":"<div class=\"page-content\">\n<div class=\"wrap\">\n<div class=\"cols cols-contact clear\">\n<div class=\"col\">\n<div class=\"bg-style map\">\n                    <iframe loading=\"lazy\" style=\"border: 0;\" src=\"https:\/\/www.google.com\/maps\/embed?pb=!1m14!1m8!1m3!1d3462.9084029763826!2d-95.5450226!3d29.78029!3m2!1i1024!2i768!4f13.1!3m3!1m2!1s0x8640c4bc7dd2b3db%3A0x4a47455838149264!2s915+Gessner+Rd+%23870%2C+Houston%2C+TX+77024%2C+USA!5e0!3m2!1sen!2s!4v1416107634524\" width=\"100%\" height=\"450\" frameborder=\"0\"><\/iframe>\n                <\/div>\n<\/p><\/div>\n<div class=\"col\">\n<h3 class=\"special-heading\">C\u00f3mo encontrarnos<\/h3>\n<p class=\"para-content\">Env\u00edanos un mensaje con cualquier consulta que puedas tener.<\/p>\n<div class=\"contact-add cols clear\">\n<div class=\"col\">\n                        <img decoding=\"async\" alt=\"Phone\" src=\"https:\/\/dramjadi.com\/wp-content\/uploads\/2018\/09\/phone2-icon.png\"><br \/>\n                        Tel\u00e9fono:<br \/>\n                        <a href=\"tel:+17134656198\">+1 713-465-6198<\/a>\n                    <\/div>\n<div class=\"col\">\n                        <img decoding=\"async\" alt=\"Address\" src=\"https:\/\/dramjadi.com\/wp-content\/uploads\/2018\/09\/maker-icon.png\"><br \/>\n                        Dr. Rojan Amjadi<br \/>\n                        915 Gessner, Suite 870<br \/>\n                        Houston, TX 77024\n                    <\/div>\n<\/div>\n<div class=\"have-question\">\n<h3 class=\"special-heading no-heading-bg\">\u00bfTienes alguna consulta?<\/h3>\n\n<div class=\"wpcf7 no-js\" id=\"wpcf7-f6079-o1\" lang=\"en-US\" dir=\"ltr\" data-wpcf7-id=\"6079\">\n<div class=\"screen-reader-response\"><p role=\"status\" aria-live=\"polite\" aria-atomic=\"true\"><\/p> <ul><\/ul><\/div>\n<form action=\"\/es\/wp-json\/wp\/v2\/pages\/5002#wpcf7-f6079-o1\" method=\"post\" class=\"wpcf7-form init\" aria-label=\"Contact form\" novalidate=\"novalidate\" data-status=\"init\">\n<div style=\"display: none;\">\n<input type=\"hidden\" name=\"_wpcf7\" value=\"6079\" \/>\n<input type=\"hidden\" name=\"_wpcf7_version\" value=\"6.0\" \/>\n<input type=\"hidden\" name=\"_wpcf7_locale\" value=\"en_US\" \/>\n<input type=\"hidden\" name=\"_wpcf7_unit_tag\" value=\"wpcf7-f6079-o1\" \/>\n<input type=\"hidden\" name=\"_wpcf7_container_post\" value=\"0\" \/>\n<input type=\"hidden\" name=\"_wpcf7_posted_data_hash\" value=\"\" \/>\n<input type=\"hidden\" name=\"_wpcf7_recaptcha_response\" value=\"\" \/>\n<\/div>\n<p><label><span class=\"wpcf7-form-control-wrap\" data-name=\"your-name\"><input size=\"40\" maxlength=\"400\" class=\"wpcf7-form-control wpcf7-text wpcf7-validates-as-required\" aria-required=\"true\" aria-invalid=\"false\" placeholder=\"Nombre*\" value=\"\" type=\"text\" name=\"your-name\" \/><\/span><\/label>\n<\/p>\n<p><label><span class=\"wpcf7-form-control-wrap\" data-name=\"your-email\"><input size=\"40\" maxlength=\"400\" class=\"wpcf7-form-control wpcf7-email wpcf7-validates-as-required wpcf7-text wpcf7-validates-as-email\" aria-required=\"true\" aria-invalid=\"false\" placeholder=\"Email*\" value=\"\" type=\"email\" name=\"your-email\" \/><\/span><\/label>\n<\/p>\n<p><label><span class=\"wpcf7-form-control-wrap\" data-name=\"your-phone\"><input size=\"40\" maxlength=\"400\" class=\"wpcf7-form-control wpcf7-text\" aria-invalid=\"false\" placeholder=\"Tel\u00e9fono*\" value=\"\" type=\"text\" name=\"your-phone\" \/><\/span><\/label>\n<\/p>\n<p><label><span class=\"wpcf7-form-control-wrap\" data-name=\"your-message\"><textarea cols=\"40\" rows=\"4\" maxlength=\"2000\" class=\"wpcf7-form-control wpcf7-textarea wpcf7-validates-as-required\" aria-required=\"true\" aria-invalid=\"false\" placeholder=\"Mensaje*\" name=\"your-message\"><\/textarea><\/span><\/label>\n<\/p>\n<p><input class=\"wpcf7-form-control wpcf7-submit has-spinner btn lg-btn\" type=\"submit\" value=\"Enviar\" \/>\n<\/p><div class=\"wpcf7-response-output\" aria-hidden=\"true\"><\/div>\n<\/form>\n<\/div>\n<\/div>\n<\/p><\/div>\n<\/div><\/div>\n<\/div>\n","protected":false},"excerpt":{"rendered":"<p>C\u00f3mo encontrarnos Env\u00edanos un mensaje con cualquier consulta que puedas tener. Tel\u00e9fono: +1 713-465-6198 Dr. Rojan Amjadi 915 Gessner, Suite 870 Houston, TX 77024 \u00bfTienes alguna consulta?<\/p>\n","protected":false},"author":1,"featured_media":0,"parent":0,"menu_order":0,"comment_status":"closed","ping_status":"closed","template":"","meta":{"footnotes":""},"class_list":["post-5002","page","type-page","status-publish","hentry"],"acf":[],"yoast_head":"<!-- This site is optimized with the Yoast SEO plugin v23.8 - https:\/\/yoast.com\/wordpress\/plugins\/seo\/ -->\n<title>CONT\u00c1CTENOS - Plastic Surgery Houston | Cosmetic Surgeon &amp; Dermatologist<\/title>\n<meta name=\"robots\" content=\"index, follow, max-snippet:-1, max-image-preview:large, max-video-preview:-1\" \/>\n<link rel=\"canonical\" href=\"https:\/\/dramjadi.com\/es\/contact-us\/\" \/>\n<meta property=\"og:locale\" content=\"es_ES\" \/>\n<meta property=\"og:type\" content=\"article\" \/>\n<meta property=\"og:title\" content=\"CONT\u00c1CTENOS - Plastic Surgery Houston | Cosmetic Surgeon &amp; Dermatologist\" \/>\n<meta property=\"og:description\" content=\"C\u00f3mo encontrarnos Env\u00edanos un mensaje con cualquier consulta que puedas tener. Tel\u00e9fono: +1 713-465-6198 Dr. Rojan Amjadi 915 Gessner, Suite 870 Houston, TX 77024 \u00bfTienes alguna consulta?\" \/>\n<meta property=\"og:url\" content=\"https:\/\/dramjadi.com\/es\/contact-us\/\" \/>\n<meta property=\"og:site_name\" content=\"Plastic Surgery Houston | Cosmetic Surgeon &amp; Dermatologist\" \/>\n<meta property=\"article:modified_time\" content=\"2019-08-12T07:49:25+00:00\" \/>\n<meta property=\"og:image\" content=\"https:\/\/dramjadi.com\/wp-content\/uploads\/2018\/09\/phone2-icon.png\" \/>\n<meta name=\"twitter:card\" content=\"summary_large_image\" \/>\n<script type=\"application\/ld+json\" class=\"yoast-schema-graph\">{\"@context\":\"https:\/\/schema.org\",\"@graph\":[{\"@type\":\"WebPage\",\"@id\":\"https:\/\/dramjadi.com\/es\/contact-us\/\",\"url\":\"https:\/\/dramjadi.com\/es\/contact-us\/\",\"name\":\"CONT\u00c1CTENOS - Plastic Surgery Houston | Cosmetic Surgeon &amp; Dermatologist\",\"isPartOf\":{\"@id\":\"https:\/\/dramjadi.com\/es\/#website\"},\"primaryImageOfPage\":{\"@id\":\"https:\/\/dramjadi.com\/es\/contact-us\/#primaryimage\"},\"image\":{\"@id\":\"https:\/\/dramjadi.com\/es\/contact-us\/#primaryimage\"},\"thumbnailUrl\":\"https:\/\/dramjadi.com\/wp-content\/uploads\/2018\/09\/phone2-icon.png\",\"datePublished\":\"2018-10-05T11:09:49+00:00\",\"dateModified\":\"2019-08-12T07:49:25+00:00\",\"breadcrumb\":{\"@id\":\"https:\/\/dramjadi.com\/es\/contact-us\/#breadcrumb\"},\"inLanguage\":\"es\",\"potentialAction\":[{\"@type\":\"ReadAction\",\"target\":[\"https:\/\/dramjadi.com\/es\/contact-us\/\"]}]},{\"@type\":\"ImageObject\",\"inLanguage\":\"es\",\"@id\":\"https:\/\/dramjadi.com\/es\/contact-us\/#primaryimage\",\"url\":\"https:\/\/dramjadi.com\/wp-content\/uploads\/2018\/09\/phone2-icon.png\",\"contentUrl\":\"https:\/\/dramjadi.com\/wp-content\/uploads\/2018\/09\/phone2-icon.png\"},{\"@type\":\"BreadcrumbList\",\"@id\":\"https:\/\/dramjadi.com\/es\/contact-us\/#breadcrumb\",\"itemListElement\":[{\"@type\":\"ListItem\",\"position\":1,\"name\":\"Home\",\"item\":\"https:\/\/dramjadi.com\/es\/\"},{\"@type\":\"ListItem\",\"position\":2,\"name\":\"CONT\u00c1CTENOS\"}]},{\"@type\":\"WebSite\",\"@id\":\"https:\/\/dramjadi.com\/es\/#website\",\"url\":\"https:\/\/dramjadi.com\/es\/\",\"name\":\"Plastic Surgery Houston | Cosmetic Surgeon &amp; Dermatologist\",\"description\":\"Plastic Surgery Houston Office Offering Tummy Tucks, Liposuction, Breast Augmentation, and more.\",\"publisher\":{\"@id\":\"https:\/\/dramjadi.com\/es\/#organization\"},\"potentialAction\":[{\"@type\":\"SearchAction\",\"target\":{\"@type\":\"EntryPoint\",\"urlTemplate\":\"https:\/\/dramjadi.com\/es\/?s={search_term_string}\"},\"query-input\":{\"@type\":\"PropertyValueSpecification\",\"valueRequired\":true,\"valueName\":\"search_term_string\"}}],\"inLanguage\":\"es\"},{\"@type\":\"Organization\",\"@id\":\"https:\/\/dramjadi.com\/es\/#organization\",\"name\":\"Plastic Surgery Houston | Cosmetic Surgeon &amp; Dermatologist\",\"url\":\"https:\/\/dramjadi.com\/es\/\",\"logo\":{\"@type\":\"ImageObject\",\"inLanguage\":\"es\",\"@id\":\"https:\/\/dramjadi.com\/es\/#\/schema\/logo\/image\/\",\"url\":\"https:\/\/dramjadi.com\/wp-content\/uploads\/2018\/09\/logo.png\",\"contentUrl\":\"https:\/\/dramjadi.com\/wp-content\/uploads\/2018\/09\/logo.png\",\"width\":59,\"height\":67,\"caption\":\"Plastic Surgery Houston | Cosmetic Surgeon &amp; Dermatologist\"},\"image\":{\"@id\":\"https:\/\/dramjadi.com\/es\/#\/schema\/logo\/image\/\"}}]}<\/script>\n<!-- \/ Yoast SEO plugin. -->","yoast_head_json":{"title":"CONT\u00c1CTENOS - Plastic Surgery Houston | Cosmetic Surgeon &amp; Dermatologist","robots":{"index":"index","follow":"follow","max-snippet":"max-snippet:-1","max-image-preview":"max-image-preview:large","max-video-preview":"max-video-preview:-1"},"canonical":"https:\/\/dramjadi.com\/es\/contact-us\/","og_locale":"es_ES","og_type":"article","og_title":"CONT\u00c1CTENOS - Plastic Surgery Houston | Cosmetic Surgeon &amp; Dermatologist","og_description":"C\u00f3mo encontrarnos Env\u00edanos un mensaje con cualquier consulta que puedas tener. Tel\u00e9fono: +1 713-465-6198 Dr. Rojan Amjadi 915 Gessner, Suite 870 Houston, TX 77024 \u00bfTienes alguna consulta?","og_url":"https:\/\/dramjadi.com\/es\/contact-us\/","og_site_name":"Plastic Surgery Houston | Cosmetic Surgeon &amp; Dermatologist","article_modified_time":"2019-08-12T07:49:25+00:00","og_image":[{"url":"https:\/\/dramjadi.com\/wp-content\/uploads\/2018\/09\/phone2-icon.png"}],"twitter_card":"summary_large_image","schema":{"@context":"https:\/\/schema.org","@graph":[{"@type":"WebPage","@id":"https:\/\/dramjadi.com\/es\/contact-us\/","url":"https:\/\/dramjadi.com\/es\/contact-us\/","name":"CONT\u00c1CTENOS - Plastic Surgery Houston | Cosmetic Surgeon &amp; Dermatologist","isPartOf":{"@id":"https:\/\/dramjadi.com\/es\/#website"},"primaryImageOfPage":{"@id":"https:\/\/dramjadi.com\/es\/contact-us\/#primaryimage"},"image":{"@id":"https:\/\/dramjadi.com\/es\/contact-us\/#primaryimage"},"thumbnailUrl":"https:\/\/dramjadi.com\/wp-content\/uploads\/2018\/09\/phone2-icon.png","datePublished":"2018-10-05T11:09:49+00:00","dateModified":"2019-08-12T07:49:25+00:00","breadcrumb":{"@id":"https:\/\/dramjadi.com\/es\/contact-us\/#breadcrumb"},"inLanguage":"es","potentialAction":[{"@type":"ReadAction","target":["https:\/\/dramjadi.com\/es\/contact-us\/"]}]},{"@type":"ImageObject","inLanguage":"es","@id":"https:\/\/dramjadi.com\/es\/contact-us\/#primaryimage","url":"https:\/\/dramjadi.com\/wp-content\/uploads\/2018\/09\/phone2-icon.png","contentUrl":"https:\/\/dramjadi.com\/wp-content\/uploads\/2018\/09\/phone2-icon.png"},{"@type":"BreadcrumbList","@id":"https:\/\/dramjadi.com\/es\/contact-us\/#breadcrumb","itemListElement":[{"@type":"ListItem","position":1,"name":"Home","item":"https:\/\/dramjadi.com\/es\/"},{"@type":"ListItem","position":2,"name":"CONT\u00c1CTENOS"}]},{"@type":"WebSite","@id":"https:\/\/dramjadi.com\/es\/#website","url":"https:\/\/dramjadi.com\/es\/","name":"Plastic Surgery Houston | Cosmetic Surgeon &amp; Dermatologist","description":"Plastic Surgery Houston Office Offering Tummy Tucks, Liposuction, Breast Augmentation, and more.","publisher":{"@id":"https:\/\/dramjadi.com\/es\/#organization"},"potentialAction":[{"@type":"SearchAction","target":{"@type":"EntryPoint","urlTemplate":"https:\/\/dramjadi.com\/es\/?s={search_term_string}"},"query-input":{"@type":"PropertyValueSpecification","valueRequired":true,"valueName":"search_term_string"}}],"inLanguage":"es"},{"@type":"Organization","@id":"https:\/\/dramjadi.com\/es\/#organization","name":"Plastic Surgery Houston | Cosmetic Surgeon &amp; Dermatologist","url":"https:\/\/dramjadi.com\/es\/","logo":{"@type":"ImageObject","inLanguage":"es","@id":"https:\/\/dramjadi.com\/es\/#\/schema\/logo\/image\/","url":"https:\/\/dramjadi.com\/wp-content\/uploads\/2018\/09\/logo.png","contentUrl":"https:\/\/dramjadi.com\/wp-content\/uploads\/2018\/09\/logo.png","width":59,"height":67,"caption":"Plastic Surgery Houston | Cosmetic Surgeon &amp; Dermatologist"},"image":{"@id":"https:\/\/dramjadi.com\/es\/#\/schema\/logo\/image\/"}}]}},"_links":{"self":[{"href":"https:\/\/dramjadi.com\/es\/wp-json\/wp\/v2\/pages\/5002"}],"collection":[{"href":"https:\/\/dramjadi.com\/es\/wp-json\/wp\/v2\/pages"}],"about":[{"href":"https:\/\/dramjadi.com\/es\/wp-json\/wp\/v2\/types\/page"}],"author":[{"embeddable":true,"href":"https:\/\/dramjadi.com\/es\/wp-json\/wp\/v2\/users\/1"}],"replies":[{"embeddable":true,"href":"https:\/\/dramjadi.com\/es\/wp-json\/wp\/v2\/comments?post=5002"}],"version-history":[{"count":7,"href":"https:\/\/dramjadi.com\/es\/wp-json\/wp\/v2\/pages\/5002\/revisions"}],"predecessor-version":[{"id":6101,"href":"https:\/\/dramjadi.com\/es\/wp-json\/wp\/v2\/pages\/5002\/revisions\/6101"}],"wp:attachment":[{"href":"https:\/\/dramjadi.com\/es\/wp-json\/wp\/v2\/media?parent=5002"}],"curies":[{"name":"wp","href":"https:\/\/api.w.org\/{rel}","templated":true}]}}