{"id":5004,"date":"2018-10-05T11:11:11","date_gmt":"2018-10-05T11:11:11","guid":{"rendered":"https:\/\/dramjadi.com\/?page_id=5004"},"modified":"2019-08-12T07:49:30","modified_gmt":"2019-08-12T07:49:30","slug":"dr-amjadi","status":"publish","type":"page","link":"https:\/\/dramjadi.com\/es\/dr-amjadi\/","title":{"rendered":"Dr Amjadi"},"content":{"rendered":"<div id=\"page-header\" class=\"page-header dr-amjadi\">\n<div class=\"wrap cols clear\">\n<div class=\"col\">\n<h2 class=\"heading pt-content-page\">SOBRE EL DR AMJADI<\/h2>\n<h3 class=\"special-heading\">ROJAN AMJADI, md, dds, facs<\/h3>\n<p>            <img decoding=\"async\" alt=\"Services\" src=\"https:\/\/dramjadi.com\/wp-content\/uploads\/2018\/09\/dramjadi-logos.png\">\n        <\/div>\n<div class=\"col line-height0\">\n            <img decoding=\"async\" alt=\"Dr. Amjadi\" src=\"https:\/\/dramjadi.com\/wp-content\/uploads\/2018\/09\/dramjadi.png\">\n        <\/div>\n<\/div>\n<\/div>\n<div class=\"page-content\">\n<div class=\"wrap\">\n<div class=\"cols cols-content clear\">\n<div class=\"col\">\n<div class=\"icon-boxt-content\">\n                    <span class=\"content-icon\"><img decoding=\"async\" alt=\"EDUCATION AND TRAINING\" src=\"https:\/\/dramjadi.com\/wp-content\/uploads\/2018\/09\/edu.png\"><\/span><\/p>\n<h3>FORMACI\u00d3N Y CAPACITACI\u00d3N<\/h3>\n<p class=\"para-content\">\n                        El Dr. Rojan Amjadi es un cirujano pl\u00e1stico reconocido por la American Board of Plastic Surgeons. Se form\u00f3 en la Universidad de Texas &#8211; Texas Medical Center. Obtuvo su t\u00edtulo de m\u00e9dico en la Universidad de Texas y se gradu\u00f3 con honores. Es miembro de la American Society of Plastic Surgeons, la American College of Surgeons y otras organizaciones relacionadas a las cirug\u00edas est\u00e9ticas. Ha estado activo desde el a\u00f1o 1999 y utiliza las t\u00e9cnicas m\u00e1s avanzadas y disponibles a la fecha.\n                    <\/p>\n<p class=\"para-content\">\n                        Adem\u00e1s, su extensa capacitacitaci\u00f3n hace que pueda practicar t\u00e9cnicas realmente complejas. Por eso, logra minimizar riesgos y superar cualquier eventual complicaci\u00f3n que se pueda presentar. Trabaja en hospitales de la ciudad y en el estado de Texas. Incluyendo el Spring Branch, el CY Fair y el Memorial City.\n                    <\/p>\n<\/p><\/div>\n<div class=\"icon-boxt-content\">\n                    <span class=\"content-icon\"><img decoding=\"async\" alt=\"Our Patient Care\" src=\"https:\/\/dramjadi.com\/wp-content\/uploads\/2018\/09\/patient-care.png\"><\/span><\/p>\n<h3>El Cuidado de Nuestros Pacientes<\/h3>\n<p class=\"para-content\">\n                        El Dr. Amjadi y su equipo est\u00e1n avocados a ayudar a sus pacientes. Cada cirug\u00eda se practica para obtener la excelencia y determinaci\u00f3n que garantizan buenos resultados y seguros.\n                    <\/p>\n<p class=\"para-content\">\n                        El cuidado de los pacientes es la principal preocupaci\u00f3n de el Dr. Amjadi. Se presta especial atenci\u00f3n para que la informaci\u00f3n sobre el paciente se mantenga segura y confidencial. Cada paciente tiene su momento con el doctor para que puedan discutir abiertamente su caso y disipar cualquier tipo de duda. Hay que destacar que una cirug\u00eda exitosa depende mucho de la habilidad que los pacientes tienen para comunicarle sus expectativas al doctor. Algo que es muy agradecido por nuestros pacientes es la flexibilidad que ofrecemos. Entendemos tus preocupaciones y siempre estamos dispuestos a acomodar nuestros horarios para acomodarnos a tus necesidades. Nuestro equipo entero est\u00e1 dedicado a que tus consultas, tu operaci\u00f3n y tus estad\u00edas sean lo m\u00e1s placenteras y c\u00f3modas posibles.\n                    <\/p>\n<\/p><\/div>\n<div class=\"icon-boxt-content\">\n                    <span class=\"content-icon\"><img decoding=\"async\" alt=\"Sterilization and Safety\" src=\"https:\/\/dramjadi.com\/wp-content\/uploads\/2018\/09\/safety.png\"><\/span><\/p>\n<h3>Esterilizaci\u00f3n y Seguridad.<\/h3>\n<p class=\"para-content\">\n                        Creemos firmemente en que el control de infecciones, una higiene apropiada, seguridad y esterilizaci\u00f3n deben ocupar el primer lugar. Por eso, nuestros est\u00e1ndares de higiene y seguridad se mantienen estrictamente y se controlan.\n                    <\/p>\n<\/p><\/div>\n<div class=\"icon-boxt-content\">\n                    <span class=\"content-icon\"><img decoding=\"async\" alt=\"Our Services\" src=\"https:\/\/dramjadi.com\/wp-content\/uploads\/2018\/09\/heart.png\"><\/span><\/p>\n<h3>Nuestros Procedimientos<\/h3>\n<p class=\"para-content\">\n                        El Dr. Amjadi entiende y agradece el significado que cada paciente le da a la cirug\u00eda est\u00e9tica. Por eso, da lo mejor de si para mantener sus t\u00e9cnicas actualizadas y aumentar su experiencia para adaptarse a las necesidades de cada paciente. En la cl\u00ednica se ofrece una amplia variedad de procedimientos como: lifting de mamas, aumento de mamas, lifting facial, modelado corporal, cirug\u00edas de abdomen, liposucci\u00f3n, etc. Tambi\u00e9n se ofrecen otros procedimientos menos invasivos para rejuvenecer el rostro como: los tratamientos con Botox, l\u00e1ser, peelings qu\u00edmicos y rellenos inyectables (que tambi\u00e9n se conocen como lifting l\u00edquidos)\n                    <\/p>\n<p class=\"para-content\">\n                        Todos los procedimientos que realizamos son: Ginecomastia, Juvederm, Restylane, Dysport, Xeomin, lifting de p\u00e1rpados, faciales, corporales, rinoplast\u00eda, aumento de gl\u00fateos, lifting de gl\u00fateos, cirug\u00eda de orejas, implantes de mejilla y papada, implantes capilares, rejuvenecimiento de la piel, grafting, terapias zonales, cicatrices, luminosidad de la piel, cirug\u00eda para despu\u00e9s de ser madre, brazos, correcci\u00f3n de pezones invertidos y todo lo que se mencion\u00f3 anteriormente.\n                    <\/p>\n<\/p><\/div>\n<\/p><\/div>\n<div class=\"col\">\n<div class=\"icon-boxt-content\">\n                    <span class=\"content-icon\"><img decoding=\"async\" alt=\"SPECIALTIES AND EXPERTISE\" src=\"https:\/\/dramjadi.com\/wp-content\/uploads\/2018\/09\/specialties.png\"><\/span><\/p>\n<h3>ESPECIALIZACI\u00d3N Y EXPERIENCIA<\/h3>\n<p class=\"para-content\">\n                        El Dr. Amjadi es un cirujano especializado y con experiencia. Experto en el moldeado corporal, los lifting faciales, la liposucci\u00f3n, la rinoplastia y otras cirug\u00edas est\u00e9ticas. Es un cirujano respetado que complet\u00f3 sus estudios en el centro m\u00e9dico de la universidad de Texas. Gracias a su constante investigaci\u00f3n y logros acad\u00e9micos, es miembro de una gran variedad de organizaciones vinculadas a las cirug\u00edas est\u00e9ticas y la American College of Surgeons y la The American Society of Plastic Surgery.<br \/>\n                        El Dr. Amjadi se especializa en cirug\u00edas pl\u00e1sticas, cosm\u00e9ticas y reconstructivas y siempre ha obtenido buenos resultados. Ha ejercido su profesi\u00f3n desde el a\u00f1o 1999 y siempre se asegur\u00f3 de que en su cl\u00ednica se sigan las t\u00e9nicas m\u00e1s avanzadas. Es considerado uno de los mejores cirujanos pl\u00e1sticos de Texas y otros estados. El amor del Dr Amjadi por su profesi\u00f3n se ve reflejado en la precisi\u00f3n de sus resultados.\n                    <\/p>\n<\/p><\/div>\n<div class=\"icon-boxt-content\">\n                    <span class=\"content-icon\"><img decoding=\"async\" alt=\"Our RATES\" src=\"https:\/\/dramjadi.com\/wp-content\/uploads\/2018\/09\/rates.png\"><\/span><\/p>\n<h3>Nuestras TARIFAS<\/h3>\n<p class=\"para-content\">\n                        Creemos que junto con la cirug\u00eda, se le debe brindar un cuidado extensivo a la salud del paciente. Por eso le ofrecemos a nuestros pacientes servicios completos e integradores. Incluyen el cuidado del paciente antes de la cirug\u00eda, durante la cirug\u00eda y despu\u00e9s de la misma. Este enfoque integral que se le da al cuidado de tu salud hace que tu experiencia sea mucho m\u00e1s placentera.\n                    <\/p>\n<p class=\"para-content\">\n                        Por lo tanto, nuestras tarifas son un reflejo de los cuidados integrales que ofrecemos. Cada tarifa, por supuesto, var\u00eda dependiendo de cada paciente, la complejidad del caso y las recomendaciones del doctor. Sin embargo, nuestro equipo ha elaborado una lista de las tarifas tentativas para que puedas predecir razonablemente cu\u00e1l podr\u00eda ser el costo.\n                    <\/p>\n<p class=\"para-content\">\n                        Debes tener en cuenta que nuestras tarifas pueden incluir (o excluir seg\u00fan la preferencia del paciente), los honorarios del cirujano, del anestesi\u00f3logo, los cargos por el uso de las instalaciones de la cl\u00ednicas, los costos de los medicamentos y suministros que se usen durante la cirug\u00eda, las visitas domiciliarias la enfermera (en caso de ser necesario), los cuidados posoperatorios requeridos (por el tiempo que sean necesarios, otras pruebas est\u00e1ndar que puedan hacerse antes de la cirug\u00eda como el conteo de gl\u00f3bulos rojos, pruebas de embarazo, etc., internaci\u00f3n (en caso de ser necesario), un masaje de un terapeuta capacitado (en caso de ser necesario o solicitado por el paciente) y consultas sobre el cuidado de la piel.\n                    <\/p>\n<p class=\"para-content\">\n                        Habiendo dicho esto, en general nuestras tarifas no cubren otras consultas que se realicen fuera de la cl\u00ednica o para evaluar el estado de salud general del paciente. Adem\u00e1s, si eres candidato para varios procedimientos quir\u00fargicos en nuestra cl\u00ednica, se podr\u00edan aplicar ciertas reducciones en las tarifas.\n                    <\/p>\n<\/p><\/div>\n<div class=\"icon-boxt-content\">\n                    <span class=\"content-icon\"><img decoding=\"async\" alt=\"Our Commitment\" src=\"https:\/\/dramjadi.com\/wp-content\/uploads\/2018\/09\/commitment.png\"><\/span><\/p>\n<h3>Nuestro Compromiso<\/h3>\n<p class=\"para-content\">\n                        Le garantizamos a nuestros pacientes nuestro firme compromiso, dedicaci\u00f3n y perseverancia. La perfecci\u00f3n es subjetiva, depende de la percepci\u00f3n de cada individuo, la influencia que puede ejercer la sociedad, etc. Sin embargo, nosotros s\u00ed te garantizamos resultados de aspecto natural, una simetr\u00eda proporcionada y razonable, l\u00edneas suaves y proporcionadas y cicatrices disimuladas en los puntos de incisi\u00f3n.\n                    <\/p>\n<p class=\"para-content\">\n                        Nuestro equipo est\u00e1 comprometido profesional y personalmente para garantizar los mejores resultados en cada cirug\u00eda y con cada paciente.\n                    <\/p>\n<\/p><\/div>\n<\/div><\/div>\n<\/p><\/div>\n<\/div>\n","protected":false},"excerpt":{"rendered":"<p>SOBRE EL DR AMJADI ROJAN AMJADI, md, dds, facs FORMACI\u00d3N Y CAPACITACI\u00d3N El Dr. Rojan Amjadi es un cirujano pl\u00e1stico reconocido por la American Board of Plastic Surgeons. Se form\u00f3 en la Universidad de Texas &#8211; Texas Medical Center. Obtuvo su t\u00edtulo de m\u00e9dico en la Universidad de Texas y se gradu\u00f3 con honores. Es [&hellip;]<\/p>\n","protected":false},"author":1,"featured_media":0,"parent":0,"menu_order":0,"comment_status":"closed","ping_status":"closed","template":"dr-amjadi.php","meta":{"footnotes":""},"class_list":["post-5004","page","type-page","status-publish","hentry"],"acf":[],"yoast_head":"<!-- This site is optimized with the Yoast SEO plugin v23.8 - https:\/\/yoast.com\/wordpress\/plugins\/seo\/ -->\n<title>Dr Amjadi - Plastic Surgery Houston | Cosmetic Surgeon &amp; Dermatologist<\/title>\n<meta name=\"robots\" content=\"index, follow, max-snippet:-1, max-image-preview:large, max-video-preview:-1\" \/>\n<link rel=\"canonical\" href=\"https:\/\/dramjadi.com\/es\/dr-amjadi\/\" \/>\n<meta property=\"og:locale\" content=\"es_ES\" \/>\n<meta property=\"og:type\" content=\"article\" \/>\n<meta property=\"og:title\" content=\"Dr Amjadi - Plastic Surgery Houston | Cosmetic Surgeon &amp; Dermatologist\" \/>\n<meta property=\"og:description\" content=\"SOBRE EL DR AMJADI ROJAN AMJADI, md, dds, facs FORMACI\u00d3N Y CAPACITACI\u00d3N El Dr. Rojan Amjadi es un cirujano pl\u00e1stico reconocido por la American Board of Plastic Surgeons. Se form\u00f3 en la Universidad de Texas &#8211; Texas Medical Center. Obtuvo su t\u00edtulo de m\u00e9dico en la Universidad de Texas y se gradu\u00f3 con honores. Es [&hellip;]\" \/>\n<meta property=\"og:url\" content=\"https:\/\/dramjadi.com\/es\/dr-amjadi\/\" \/>\n<meta property=\"og:site_name\" content=\"Plastic Surgery Houston | Cosmetic Surgeon &amp; Dermatologist\" \/>\n<meta property=\"article:modified_time\" content=\"2019-08-12T07:49:30+00:00\" \/>\n<meta property=\"og:image\" content=\"https:\/\/dramjadi.com\/wp-content\/uploads\/2018\/09\/dramjadi-logos.png\" \/>\n<meta name=\"twitter:card\" content=\"summary_large_image\" \/>\n<meta name=\"twitter:label1\" content=\"Tiempo de lectura\" \/>\n\t<meta name=\"twitter:data1\" content=\"6 minutos\" \/>\n<script type=\"application\/ld+json\" class=\"yoast-schema-graph\">{\"@context\":\"https:\/\/schema.org\",\"@graph\":[{\"@type\":\"WebPage\",\"@id\":\"https:\/\/dramjadi.com\/es\/dr-amjadi\/\",\"url\":\"https:\/\/dramjadi.com\/es\/dr-amjadi\/\",\"name\":\"Dr Amjadi - Plastic Surgery Houston | Cosmetic Surgeon &amp; Dermatologist\",\"isPartOf\":{\"@id\":\"https:\/\/dramjadi.com\/es\/#website\"},\"primaryImageOfPage\":{\"@id\":\"https:\/\/dramjadi.com\/es\/dr-amjadi\/#primaryimage\"},\"image\":{\"@id\":\"https:\/\/dramjadi.com\/es\/dr-amjadi\/#primaryimage\"},\"thumbnailUrl\":\"https:\/\/dramjadi.com\/wp-content\/uploads\/2018\/09\/dramjadi-logos.png\",\"datePublished\":\"2018-10-05T11:11:11+00:00\",\"dateModified\":\"2019-08-12T07:49:30+00:00\",\"breadcrumb\":{\"@id\":\"https:\/\/dramjadi.com\/es\/dr-amjadi\/#breadcrumb\"},\"inLanguage\":\"es\",\"potentialAction\":[{\"@type\":\"ReadAction\",\"target\":[\"https:\/\/dramjadi.com\/es\/dr-amjadi\/\"]}]},{\"@type\":\"ImageObject\",\"inLanguage\":\"es\",\"@id\":\"https:\/\/dramjadi.com\/es\/dr-amjadi\/#primaryimage\",\"url\":\"https:\/\/dramjadi.com\/wp-content\/uploads\/2018\/09\/dramjadi-logos.png\",\"contentUrl\":\"https:\/\/dramjadi.com\/wp-content\/uploads\/2018\/09\/dramjadi-logos.png\"},{\"@type\":\"BreadcrumbList\",\"@id\":\"https:\/\/dramjadi.com\/es\/dr-amjadi\/#breadcrumb\",\"itemListElement\":[{\"@type\":\"ListItem\",\"position\":1,\"name\":\"Home\",\"item\":\"https:\/\/dramjadi.com\/es\/\"},{\"@type\":\"ListItem\",\"position\":2,\"name\":\"Dr Amjadi\"}]},{\"@type\":\"WebSite\",\"@id\":\"https:\/\/dramjadi.com\/es\/#website\",\"url\":\"https:\/\/dramjadi.com\/es\/\",\"name\":\"Plastic Surgery Houston | Cosmetic Surgeon &amp; Dermatologist\",\"description\":\"Plastic Surgery Houston Office Offering Tummy Tucks, Liposuction, Breast Augmentation, and more.\",\"publisher\":{\"@id\":\"https:\/\/dramjadi.com\/es\/#organization\"},\"potentialAction\":[{\"@type\":\"SearchAction\",\"target\":{\"@type\":\"EntryPoint\",\"urlTemplate\":\"https:\/\/dramjadi.com\/es\/?s={search_term_string}\"},\"query-input\":{\"@type\":\"PropertyValueSpecification\",\"valueRequired\":true,\"valueName\":\"search_term_string\"}}],\"inLanguage\":\"es\"},{\"@type\":\"Organization\",\"@id\":\"https:\/\/dramjadi.com\/es\/#organization\",\"name\":\"Plastic Surgery Houston | Cosmetic Surgeon &amp; Dermatologist\",\"url\":\"https:\/\/dramjadi.com\/es\/\",\"logo\":{\"@type\":\"ImageObject\",\"inLanguage\":\"es\",\"@id\":\"https:\/\/dramjadi.com\/es\/#\/schema\/logo\/image\/\",\"url\":\"https:\/\/dramjadi.com\/wp-content\/uploads\/2018\/09\/logo.png\",\"contentUrl\":\"https:\/\/dramjadi.com\/wp-content\/uploads\/2018\/09\/logo.png\",\"width\":59,\"height\":67,\"caption\":\"Plastic Surgery Houston | Cosmetic Surgeon &amp; Dermatologist\"},\"image\":{\"@id\":\"https:\/\/dramjadi.com\/es\/#\/schema\/logo\/image\/\"}}]}<\/script>\n<!-- \/ Yoast SEO plugin. -->","yoast_head_json":{"title":"Dr Amjadi - Plastic Surgery Houston | Cosmetic Surgeon &amp; Dermatologist","robots":{"index":"index","follow":"follow","max-snippet":"max-snippet:-1","max-image-preview":"max-image-preview:large","max-video-preview":"max-video-preview:-1"},"canonical":"https:\/\/dramjadi.com\/es\/dr-amjadi\/","og_locale":"es_ES","og_type":"article","og_title":"Dr Amjadi - Plastic Surgery Houston | Cosmetic Surgeon &amp; Dermatologist","og_description":"SOBRE EL DR AMJADI ROJAN AMJADI, md, dds, facs FORMACI\u00d3N Y CAPACITACI\u00d3N El Dr. Rojan Amjadi es un cirujano pl\u00e1stico reconocido por la American Board of Plastic Surgeons. Se form\u00f3 en la Universidad de Texas &#8211; Texas Medical Center. Obtuvo su t\u00edtulo de m\u00e9dico en la Universidad de Texas y se gradu\u00f3 con honores. Es [&hellip;]","og_url":"https:\/\/dramjadi.com\/es\/dr-amjadi\/","og_site_name":"Plastic Surgery Houston | Cosmetic Surgeon &amp; Dermatologist","article_modified_time":"2019-08-12T07:49:30+00:00","og_image":[{"url":"https:\/\/dramjadi.com\/wp-content\/uploads\/2018\/09\/dramjadi-logos.png"}],"twitter_card":"summary_large_image","twitter_misc":{"Tiempo de lectura":"6 minutos"},"schema":{"@context":"https:\/\/schema.org","@graph":[{"@type":"WebPage","@id":"https:\/\/dramjadi.com\/es\/dr-amjadi\/","url":"https:\/\/dramjadi.com\/es\/dr-amjadi\/","name":"Dr Amjadi - Plastic Surgery Houston | Cosmetic Surgeon &amp; Dermatologist","isPartOf":{"@id":"https:\/\/dramjadi.com\/es\/#website"},"primaryImageOfPage":{"@id":"https:\/\/dramjadi.com\/es\/dr-amjadi\/#primaryimage"},"image":{"@id":"https:\/\/dramjadi.com\/es\/dr-amjadi\/#primaryimage"},"thumbnailUrl":"https:\/\/dramjadi.com\/wp-content\/uploads\/2018\/09\/dramjadi-logos.png","datePublished":"2018-10-05T11:11:11+00:00","dateModified":"2019-08-12T07:49:30+00:00","breadcrumb":{"@id":"https:\/\/dramjadi.com\/es\/dr-amjadi\/#breadcrumb"},"inLanguage":"es","potentialAction":[{"@type":"ReadAction","target":["https:\/\/dramjadi.com\/es\/dr-amjadi\/"]}]},{"@type":"ImageObject","inLanguage":"es","@id":"https:\/\/dramjadi.com\/es\/dr-amjadi\/#primaryimage","url":"https:\/\/dramjadi.com\/wp-content\/uploads\/2018\/09\/dramjadi-logos.png","contentUrl":"https:\/\/dramjadi.com\/wp-content\/uploads\/2018\/09\/dramjadi-logos.png"},{"@type":"BreadcrumbList","@id":"https:\/\/dramjadi.com\/es\/dr-amjadi\/#breadcrumb","itemListElement":[{"@type":"ListItem","position":1,"name":"Home","item":"https:\/\/dramjadi.com\/es\/"},{"@type":"ListItem","position":2,"name":"Dr Amjadi"}]},{"@type":"WebSite","@id":"https:\/\/dramjadi.com\/es\/#website","url":"https:\/\/dramjadi.com\/es\/","name":"Plastic Surgery Houston | Cosmetic Surgeon &amp; Dermatologist","description":"Plastic Surgery Houston Office Offering Tummy Tucks, Liposuction, Breast Augmentation, and more.","publisher":{"@id":"https:\/\/dramjadi.com\/es\/#organization"},"potentialAction":[{"@type":"SearchAction","target":{"@type":"EntryPoint","urlTemplate":"https:\/\/dramjadi.com\/es\/?s={search_term_string}"},"query-input":{"@type":"PropertyValueSpecification","valueRequired":true,"valueName":"search_term_string"}}],"inLanguage":"es"},{"@type":"Organization","@id":"https:\/\/dramjadi.com\/es\/#organization","name":"Plastic Surgery Houston | Cosmetic Surgeon &amp; Dermatologist","url":"https:\/\/dramjadi.com\/es\/","logo":{"@type":"ImageObject","inLanguage":"es","@id":"https:\/\/dramjadi.com\/es\/#\/schema\/logo\/image\/","url":"https:\/\/dramjadi.com\/wp-content\/uploads\/2018\/09\/logo.png","contentUrl":"https:\/\/dramjadi.com\/wp-content\/uploads\/2018\/09\/logo.png","width":59,"height":67,"caption":"Plastic Surgery Houston | Cosmetic Surgeon &amp; Dermatologist"},"image":{"@id":"https:\/\/dramjadi.com\/es\/#\/schema\/logo\/image\/"}}]}},"_links":{"self":[{"href":"https:\/\/dramjadi.com\/es\/wp-json\/wp\/v2\/pages\/5004"}],"collection":[{"href":"https:\/\/dramjadi.com\/es\/wp-json\/wp\/v2\/pages"}],"about":[{"href":"https:\/\/dramjadi.com\/es\/wp-json\/wp\/v2\/types\/page"}],"author":[{"embeddable":true,"href":"https:\/\/dramjadi.com\/es\/wp-json\/wp\/v2\/users\/1"}],"replies":[{"embeddable":true,"href":"https:\/\/dramjadi.com\/es\/wp-json\/wp\/v2\/comments?post=5004"}],"version-history":[{"count":2,"href":"https:\/\/dramjadi.com\/es\/wp-json\/wp\/v2\/pages\/5004\/revisions"}],"predecessor-version":[{"id":6106,"href":"https:\/\/dramjadi.com\/es\/wp-json\/wp\/v2\/pages\/5004\/revisions\/6106"}],"wp:attachment":[{"href":"https:\/\/dramjadi.com\/es\/wp-json\/wp\/v2\/media?parent=5004"}],"curies":[{"name":"wp","href":"https:\/\/api.w.org\/{rel}","templated":true}]}}