{"id":5006,"date":"2018-10-05T11:12:32","date_gmt":"2018-10-05T11:12:32","guid":{"rendered":"https:\/\/dramjadi.com\/?page_id=5006"},"modified":"2019-08-12T07:49:34","modified_gmt":"2019-08-12T07:49:34","slug":"faqs","status":"publish","type":"page","link":"https:\/\/dramjadi.com\/es\/faqs\/","title":{"rendered":"FAQs"},"content":{"rendered":"<div class=\"accordion\">\n<div class=\"accordion-item active\">\n<h2 class=\"accordion-btn\">\u00bfSon seguras las cirug\u00edas pl\u00e1sticas?<\/h2>\n<div class=\"accordion-content\">\n            Todos los procedimientos quir\u00fargicos conllevan ciertos riesgos, ya sea que se practiquen por razones m\u00e9dicas o est\u00e9ticas. Nuestro equipo de expertos est\u00e1 para asegurarse de que la operaci\u00f3n salga bien. Analizamos cuidadosamente tu historia cl\u00ednica y tu estado de salud antes de decidir si es seguro comenzar con el procedimiento. Es importante que reveles toda la informaci\u00f3n pertinente para que podamos evaluar correctamente todos los posibles riesgos. Tomamos todas las precauciones necesarias para reducir las posibilidades de cualquier complicaci\u00f3n.\n        <\/div>\n<\/p><\/div>\n<div class=\"accordion-item\">\n<h2 class=\"accordion-btn\">\u00bfC\u00f3mo s\u00e9 que la cirug\u00eda pl\u00e1stica es para m\u00ed?<\/h2>\n<div class=\"accordion-content\">\n            Existen muchos factores importantes que entran en juego a la hora de decidir si una cirug\u00eda pl\u00e1stica es para ti. Uno de los factores m\u00e1s importantes es tu salud. Gozar de buena salud reduce la posibilidad de complicaciones durante la cirug\u00eda y acelera la recuperaci\u00f3n. Tambi\u00e9n debes preguntarte qu\u00e9 te motiva a recurrir a una cirug\u00eda. Las personas que pasan por una cirug\u00eda pl\u00e1stica en general saben que mejora su apariencia y autoestima. Por \u00faltimo, debes tener expectativas realistas. La cirug\u00eda pl\u00e1stica es tanto una ciencia como un arte y ninguno es perfecto. Fija metas razonables para los resultados que esperas y prep\u00e1rate para discutir en profundidad tus objetivos durante la primer consulta.\n        <\/div>\n<\/p><\/div>\n<div class=\"accordion-item\">\n<h2 class=\"accordion-btn\">\u00bfPuedo hacerme varias cirug\u00edas en simult\u00e1neo?<\/h2>\n<div class=\"accordion-content\">\n            Es relativamente una pr\u00e1ctica com\u00fan que el cirujano haga varias cirug\u00edas durante una operaci\u00f3n. Eso le permite al cirujano \u201cesculpir\u201d mejor tu apariencia. Adem\u00e1s, pasar por varias cirug\u00edas en simult\u00e1neo te ahorra los costes del uso de la sala de operaciones y la anestesia. Sin embargo, hacer demasiado al mismo tiempo puede ocasionar complicaciones. La decisi\u00f3n de pasar por varias cirug\u00eda a la vez depende de los procedimientos que se apliquen, el tama\u00f1o de la cirug\u00eda, el tiempo de la operaci\u00f3n, tu salud y tu edad. En \u00faltima instancia, es el cirujano el que decide si es apropiado o no realizar m\u00e1s de una cirug\u00eda durante tu operaci\u00f3n.\n        <\/div>\n<\/p><\/div>\n<div class=\"accordion-item\">\n<h2 class=\"accordion-btn\">\u00bfImporta mi edad?<\/h2>\n<div class=\"accordion-content\">\n            Debido a la gran variedad de procedimientos disponibles, no se puede establecer una regla general sobre la edad, pero ser\u00e1 tenida en cuenta al momento de planificar tu operaci\u00f3n. Personas de todas las edades han podido disfrutar de las mejoras que ofrecen las cirug\u00edas est\u00e9ticas. \u00a1Hasta existen procedimientos apropiados para ni\u00f1os peque\u00f1os! Aunque es importante conocer las limitaciones de las cirug\u00edas est\u00e9ticas. Las cirug\u00edas pl\u00e1sticas no puede \u201carreglar\u201d todo o revertir el proceso de envejecimiento. Un buen procedimiento para una persona puede no serlo para otra, pero nosotros estamos avocados a que tu experiencia sea la mejor.\n        <\/div>\n<\/p><\/div>\n<div class=\"accordion-item\">\n<h2 class=\"accordion-btn\">\u00bfQu\u00e9 ocurrir\u00e1 en mi primera consulta?<\/h2>\n<div class=\"accordion-content\">\n            Durante la consulta discutiremos los cambios que est\u00e1s buscando, tus expectativas, analizaremos tu historia cl\u00ednica, tu estado de salud y veremos cu\u00e1les son los procedimientos adecuados para ti. Es el momento para hacer preguntas espec\u00edficas as\u00ed te preparas mental y emocionalmente para la cirug\u00eda. Tambi\u00e9n se ver\u00e1n los resultados posibles con la ayuda de fotos o im\u00e1genes por computadora. Cuando se tome la decisi\u00f3n final, tu deber\u00e1s firmar un consentimiento en el que afirmes que sabes y entiendes lo que conlleva tu operaci\u00f3n, incluyendo los potenciales riesgos y efectos secundarios.\n        <\/div>\n<\/p><\/div>\n<div class=\"accordion-item\">\n<h2 class=\"accordion-btn\">\u00bfCu\u00e1nto tiempo me tomar\u00e1 recuperarme despu\u00e9s de la cirug\u00eda?<\/h2>\n<div class=\"accordion-content\">\n            En general, lo que se indica para el postoperatorio es descanso y poco movimiento para acelerar la recuperaci\u00f3n. El periodo de recuperaci\u00f3n depende de cada procedimiento y es diferente para cada paciente. Los moretones en general desaparecen a los pocos d\u00edas y la hinchaz\u00f3n desaparece en cuesti\u00f3n de semanas. Si sigues nuestras indicaciones para el postoperatorio con cuidado, podr\u00e1s volver a disfrutar de tus actividades normales en poco tiempo. Las cicatrices ser\u00e1n menos prominentes con el paso del tiempo, pero son permanentes. Nosotros nos ocupamos de ocultar las cicatrices para que sea apenas visibles, si es que llegan a ser visibles.<br \/>\n            Los efectos de una cirug\u00eda pl\u00e1stica se vuelven m\u00e1s evidentes con el paso del tiempo y en el caso de ciertas cirug\u00edas puede pasar hasta un a\u00f1o para que tu cuerpo se adapte a su nueva apariencia. Cuando vengas a tu consulta, podremos discutir el periodo de recuperaci\u00f3n esperado y las instrucciones para el postoperatorio en detalle.\n        <\/div>\n<\/p><\/div>\n<div class=\"accordion-item\">\n<h2 class=\"accordion-btn\">\u00bfMi seguro m\u00e9dico cubrir\u00e1 la cirug\u00eda?<\/h2>\n<div class=\"accordion-content\">\n            En general, el seguro m\u00e9dico cubre el costo de una cirug\u00eda reconstructiva, pero no de una cirug\u00eda est\u00e9tica. Por ejemplo, la cobertura m\u00e9dica podr\u00e1 cubrir un aumento de senos para reconstruir una mama despu\u00e9s de una mastectom\u00eda; una reducci\u00f3n de mamas para aliviar dolores de espalda ocasionados por senos pesados, una cirug\u00eda de p\u00e1rpados para eliminar piel sobrante que impida la visi\u00f3n, una cirug\u00eda de nariz para hacer que el paciente respire mejor o una cirug\u00eda de abdomen para remediar la separaci\u00f3n vertical de los m\u00fasculos del abdomen que se conoce como diastasis. Los seguros m\u00e9dicos est\u00e1n obligados por ley a cubrir cualquier cirug\u00eda est\u00e9tica necesaria para garantizar la simetr\u00eda de ambos senos. Si a tu cirug\u00eda la cubre el seguro m\u00e9dico, debes certificarla con anterioridad. Con gusto te ayudaremos con el proceso.\n        <\/div>\n<\/p><\/div>\n<div class=\"accordion-item\">\n<h2 class=\"accordion-btn\">\u00bfLos implantes mamarios son seguros?<\/h2>\n<div class=\"accordion-content\">\n            El tema de la seguridad que ofrecen los implantes mamarios ha sido un tema muy discutido en las \u00faltimas d\u00e9cadas. Como resultado, han surgido medidas m\u00e1s estrictas para proteger a los pacientes. Los implantes de mamas en la actualidad son una carcasa de silicona llena con soluci\u00f3n salina. En ocasiones se usa un relleno de silicona en gel, pero es muy controlado por la FDA y generalmente solo se acepta su uso en cirug\u00eda reconstructivas. Rara vez un implante se rompe o gotea. En el caso de los implantes salinos, el cuerpo absorbe la soluci\u00f3n y los efectos de la silicona en gel en el cuerpo todav\u00eda est\u00e1n siendo estudiados. Si se detecta una ruptura o un goteo, el implante puede reemplazado f\u00e1cilmente. Otras complicaciones pueden ser el co\u00e1gulo de la sangre, senos demasiado sensible o p\u00e9rdida de tacto en los senos y contractura capsular (que sucede cuando se endurecen los tejidos que rodean al implante). Nuestro equipo de expertos est\u00e1 para asegurarte que la operaci\u00f3n salga bien. Tomamos todos los recaudos necesarios para reducir la posibilidad de cualquier complicaci\u00f3n.\n        <\/div>\n<\/p><\/div>\n<\/div>\n<div class=\"cols3-buttons\">\n<h3 class=\"content-heading text-center\">\u00bfNo encuentras lo que est\u00e1s buscando?<\/h3>\n<p>    <a href=\"https:\/\/dramjadi.com\/contact-us\/\" class=\"btn lg-btn\"><img decoding=\"async\" alt=\"Mail\" src=\"https:\/\/dramjadi.com\/wp-content\/uploads\/2018\/09\/mail2-icon.png\">ENV\u00cdANOS UN EMAIL<\/a><a href=\"https:\/\/www.facebook.com\/PARSPlasticSurgery\" class=\"btn lg-btn grey-btn\"><img decoding=\"async\" alt=\"Facebook\" src=\"https:\/\/dramjadi.com\/wp-content\/uploads\/2018\/09\/fb2-icon.png\">PREGUNTA EN FACEBOOK<\/a><a href=\"tel:+17134656198\" class=\"btn lg-btn grey-btn\"><img decoding=\"async\" alt=\"Phone\" src=\"https:\/\/dramjadi.com\/wp-content\/uploads\/2018\/09\/phone3-icon.png\">LL\u00c1MANOS +1 713-465-6198<\/a>\n<\/div>\n","protected":false},"excerpt":{"rendered":"<p>\u00bfSon seguras las cirug\u00edas pl\u00e1sticas? Todos los procedimientos quir\u00fargicos conllevan ciertos riesgos, ya sea que se practiquen por razones m\u00e9dicas o est\u00e9ticas. Nuestro equipo de expertos est\u00e1 para asegurarse de que la operaci\u00f3n salga bien. Analizamos cuidadosamente tu historia cl\u00ednica y tu estado de salud antes de decidir si es seguro comenzar con el procedimiento. [&hellip;]<\/p>\n","protected":false},"author":1,"featured_media":0,"parent":0,"menu_order":0,"comment_status":"closed","ping_status":"closed","template":"","meta":{"footnotes":""},"class_list":["post-5006","page","type-page","status-publish","hentry"],"acf":[],"yoast_head":"<!-- This site is optimized with the Yoast SEO plugin v23.8 - https:\/\/yoast.com\/wordpress\/plugins\/seo\/ -->\n<title>FAQs - Plastic Surgery Houston | Cosmetic Surgeon &amp; Dermatologist<\/title>\n<meta name=\"robots\" content=\"index, follow, max-snippet:-1, max-image-preview:large, max-video-preview:-1\" \/>\n<link rel=\"canonical\" href=\"https:\/\/dramjadi.com\/es\/faqs\/\" \/>\n<meta property=\"og:locale\" content=\"es_ES\" \/>\n<meta property=\"og:type\" content=\"article\" \/>\n<meta property=\"og:title\" content=\"FAQs - Plastic Surgery Houston | Cosmetic Surgeon &amp; Dermatologist\" \/>\n<meta property=\"og:description\" content=\"\u00bfSon seguras las cirug\u00edas pl\u00e1sticas? Todos los procedimientos quir\u00fargicos conllevan ciertos riesgos, ya sea que se practiquen por razones m\u00e9dicas o est\u00e9ticas. Nuestro equipo de expertos est\u00e1 para asegurarse de que la operaci\u00f3n salga bien. Analizamos cuidadosamente tu historia cl\u00ednica y tu estado de salud antes de decidir si es seguro comenzar con el procedimiento. [&hellip;]\" \/>\n<meta property=\"og:url\" content=\"https:\/\/dramjadi.com\/es\/faqs\/\" \/>\n<meta property=\"og:site_name\" content=\"Plastic Surgery Houston | Cosmetic Surgeon &amp; Dermatologist\" \/>\n<meta property=\"article:modified_time\" content=\"2019-08-12T07:49:34+00:00\" \/>\n<meta property=\"og:image\" content=\"https:\/\/dramjadi.com\/wp-content\/uploads\/2018\/09\/mail2-icon.png\" \/>\n<meta name=\"twitter:card\" content=\"summary_large_image\" \/>\n<meta name=\"twitter:label1\" content=\"Tiempo de lectura\" \/>\n\t<meta name=\"twitter:data1\" content=\"6 minutos\" \/>\n<script type=\"application\/ld+json\" class=\"yoast-schema-graph\">{\"@context\":\"https:\/\/schema.org\",\"@graph\":[{\"@type\":\"WebPage\",\"@id\":\"https:\/\/dramjadi.com\/es\/faqs\/\",\"url\":\"https:\/\/dramjadi.com\/es\/faqs\/\",\"name\":\"FAQs - Plastic Surgery Houston | Cosmetic Surgeon &amp; Dermatologist\",\"isPartOf\":{\"@id\":\"https:\/\/dramjadi.com\/es\/#website\"},\"primaryImageOfPage\":{\"@id\":\"https:\/\/dramjadi.com\/es\/faqs\/#primaryimage\"},\"image\":{\"@id\":\"https:\/\/dramjadi.com\/es\/faqs\/#primaryimage\"},\"thumbnailUrl\":\"https:\/\/dramjadi.com\/wp-content\/uploads\/2018\/09\/mail2-icon.png\",\"datePublished\":\"2018-10-05T11:12:32+00:00\",\"dateModified\":\"2019-08-12T07:49:34+00:00\",\"breadcrumb\":{\"@id\":\"https:\/\/dramjadi.com\/es\/faqs\/#breadcrumb\"},\"inLanguage\":\"es\",\"potentialAction\":[{\"@type\":\"ReadAction\",\"target\":[\"https:\/\/dramjadi.com\/es\/faqs\/\"]}]},{\"@type\":\"ImageObject\",\"inLanguage\":\"es\",\"@id\":\"https:\/\/dramjadi.com\/es\/faqs\/#primaryimage\",\"url\":\"https:\/\/dramjadi.com\/wp-content\/uploads\/2018\/09\/mail2-icon.png\",\"contentUrl\":\"https:\/\/dramjadi.com\/wp-content\/uploads\/2018\/09\/mail2-icon.png\"},{\"@type\":\"BreadcrumbList\",\"@id\":\"https:\/\/dramjadi.com\/es\/faqs\/#breadcrumb\",\"itemListElement\":[{\"@type\":\"ListItem\",\"position\":1,\"name\":\"Home\",\"item\":\"https:\/\/dramjadi.com\/es\/\"},{\"@type\":\"ListItem\",\"position\":2,\"name\":\"FAQs\"}]},{\"@type\":\"WebSite\",\"@id\":\"https:\/\/dramjadi.com\/es\/#website\",\"url\":\"https:\/\/dramjadi.com\/es\/\",\"name\":\"Plastic Surgery Houston | Cosmetic Surgeon &amp; Dermatologist\",\"description\":\"Plastic Surgery Houston Office Offering Tummy Tucks, Liposuction, Breast Augmentation, and more.\",\"publisher\":{\"@id\":\"https:\/\/dramjadi.com\/es\/#organization\"},\"potentialAction\":[{\"@type\":\"SearchAction\",\"target\":{\"@type\":\"EntryPoint\",\"urlTemplate\":\"https:\/\/dramjadi.com\/es\/?s={search_term_string}\"},\"query-input\":{\"@type\":\"PropertyValueSpecification\",\"valueRequired\":true,\"valueName\":\"search_term_string\"}}],\"inLanguage\":\"es\"},{\"@type\":\"Organization\",\"@id\":\"https:\/\/dramjadi.com\/es\/#organization\",\"name\":\"Plastic Surgery Houston | Cosmetic Surgeon &amp; Dermatologist\",\"url\":\"https:\/\/dramjadi.com\/es\/\",\"logo\":{\"@type\":\"ImageObject\",\"inLanguage\":\"es\",\"@id\":\"https:\/\/dramjadi.com\/es\/#\/schema\/logo\/image\/\",\"url\":\"https:\/\/dramjadi.com\/wp-content\/uploads\/2018\/09\/logo.png\",\"contentUrl\":\"https:\/\/dramjadi.com\/wp-content\/uploads\/2018\/09\/logo.png\",\"width\":59,\"height\":67,\"caption\":\"Plastic Surgery Houston | Cosmetic Surgeon &amp; Dermatologist\"},\"image\":{\"@id\":\"https:\/\/dramjadi.com\/es\/#\/schema\/logo\/image\/\"}}]}<\/script>\n<!-- \/ Yoast SEO plugin. -->","yoast_head_json":{"title":"FAQs - Plastic Surgery Houston | Cosmetic Surgeon &amp; Dermatologist","robots":{"index":"index","follow":"follow","max-snippet":"max-snippet:-1","max-image-preview":"max-image-preview:large","max-video-preview":"max-video-preview:-1"},"canonical":"https:\/\/dramjadi.com\/es\/faqs\/","og_locale":"es_ES","og_type":"article","og_title":"FAQs - Plastic Surgery Houston | Cosmetic Surgeon &amp; Dermatologist","og_description":"\u00bfSon seguras las cirug\u00edas pl\u00e1sticas? Todos los procedimientos quir\u00fargicos conllevan ciertos riesgos, ya sea que se practiquen por razones m\u00e9dicas o est\u00e9ticas. Nuestro equipo de expertos est\u00e1 para asegurarse de que la operaci\u00f3n salga bien. Analizamos cuidadosamente tu historia cl\u00ednica y tu estado de salud antes de decidir si es seguro comenzar con el procedimiento. [&hellip;]","og_url":"https:\/\/dramjadi.com\/es\/faqs\/","og_site_name":"Plastic Surgery Houston | Cosmetic Surgeon &amp; Dermatologist","article_modified_time":"2019-08-12T07:49:34+00:00","og_image":[{"url":"https:\/\/dramjadi.com\/wp-content\/uploads\/2018\/09\/mail2-icon.png"}],"twitter_card":"summary_large_image","twitter_misc":{"Tiempo de lectura":"6 minutos"},"schema":{"@context":"https:\/\/schema.org","@graph":[{"@type":"WebPage","@id":"https:\/\/dramjadi.com\/es\/faqs\/","url":"https:\/\/dramjadi.com\/es\/faqs\/","name":"FAQs - Plastic Surgery Houston | Cosmetic Surgeon &amp; Dermatologist","isPartOf":{"@id":"https:\/\/dramjadi.com\/es\/#website"},"primaryImageOfPage":{"@id":"https:\/\/dramjadi.com\/es\/faqs\/#primaryimage"},"image":{"@id":"https:\/\/dramjadi.com\/es\/faqs\/#primaryimage"},"thumbnailUrl":"https:\/\/dramjadi.com\/wp-content\/uploads\/2018\/09\/mail2-icon.png","datePublished":"2018-10-05T11:12:32+00:00","dateModified":"2019-08-12T07:49:34+00:00","breadcrumb":{"@id":"https:\/\/dramjadi.com\/es\/faqs\/#breadcrumb"},"inLanguage":"es","potentialAction":[{"@type":"ReadAction","target":["https:\/\/dramjadi.com\/es\/faqs\/"]}]},{"@type":"ImageObject","inLanguage":"es","@id":"https:\/\/dramjadi.com\/es\/faqs\/#primaryimage","url":"https:\/\/dramjadi.com\/wp-content\/uploads\/2018\/09\/mail2-icon.png","contentUrl":"https:\/\/dramjadi.com\/wp-content\/uploads\/2018\/09\/mail2-icon.png"},{"@type":"BreadcrumbList","@id":"https:\/\/dramjadi.com\/es\/faqs\/#breadcrumb","itemListElement":[{"@type":"ListItem","position":1,"name":"Home","item":"https:\/\/dramjadi.com\/es\/"},{"@type":"ListItem","position":2,"name":"FAQs"}]},{"@type":"WebSite","@id":"https:\/\/dramjadi.com\/es\/#website","url":"https:\/\/dramjadi.com\/es\/","name":"Plastic Surgery Houston | Cosmetic Surgeon &amp; Dermatologist","description":"Plastic Surgery Houston Office Offering Tummy Tucks, Liposuction, Breast Augmentation, and more.","publisher":{"@id":"https:\/\/dramjadi.com\/es\/#organization"},"potentialAction":[{"@type":"SearchAction","target":{"@type":"EntryPoint","urlTemplate":"https:\/\/dramjadi.com\/es\/?s={search_term_string}"},"query-input":{"@type":"PropertyValueSpecification","valueRequired":true,"valueName":"search_term_string"}}],"inLanguage":"es"},{"@type":"Organization","@id":"https:\/\/dramjadi.com\/es\/#organization","name":"Plastic Surgery Houston | Cosmetic Surgeon &amp; Dermatologist","url":"https:\/\/dramjadi.com\/es\/","logo":{"@type":"ImageObject","inLanguage":"es","@id":"https:\/\/dramjadi.com\/es\/#\/schema\/logo\/image\/","url":"https:\/\/dramjadi.com\/wp-content\/uploads\/2018\/09\/logo.png","contentUrl":"https:\/\/dramjadi.com\/wp-content\/uploads\/2018\/09\/logo.png","width":59,"height":67,"caption":"Plastic Surgery Houston | Cosmetic Surgeon &amp; Dermatologist"},"image":{"@id":"https:\/\/dramjadi.com\/es\/#\/schema\/logo\/image\/"}}]}},"_links":{"self":[{"href":"https:\/\/dramjadi.com\/es\/wp-json\/wp\/v2\/pages\/5006"}],"collection":[{"href":"https:\/\/dramjadi.com\/es\/wp-json\/wp\/v2\/pages"}],"about":[{"href":"https:\/\/dramjadi.com\/es\/wp-json\/wp\/v2\/types\/page"}],"author":[{"embeddable":true,"href":"https:\/\/dramjadi.com\/es\/wp-json\/wp\/v2\/users\/1"}],"replies":[{"embeddable":true,"href":"https:\/\/dramjadi.com\/es\/wp-json\/wp\/v2\/comments?post=5006"}],"version-history":[{"count":3,"href":"https:\/\/dramjadi.com\/es\/wp-json\/wp\/v2\/pages\/5006\/revisions"}],"predecessor-version":[{"id":6114,"href":"https:\/\/dramjadi.com\/es\/wp-json\/wp\/v2\/pages\/5006\/revisions\/6114"}],"wp:attachment":[{"href":"https:\/\/dramjadi.com\/es\/wp-json\/wp\/v2\/media?parent=5006"}],"curies":[{"name":"wp","href":"https:\/\/api.w.org\/{rel}","templated":true}]}}