{"id":5012,"date":"2018-10-05T11:15:14","date_gmt":"2018-10-05T11:15:14","guid":{"rendered":"https:\/\/dramjadi.com\/?page_id=5012"},"modified":"2019-08-12T07:49:47","modified_gmt":"2019-08-12T07:49:47","slug":"privacy-policy","status":"publish","type":"page","link":"https:\/\/dramjadi.com\/es\/privacy-policy\/","title":{"rendered":"Pol\u00edtica de privacidad"},"content":{"rendered":"<div class=\"accordion\">\n<div class=\"accordion-item active\">\n<h2 class=\"accordion-btn\">1. INTRODUCCI\u00d3N<\/h2>\n<div class=\"accordion-content\">\n<p class=\"para-content\">1.1 Dramjadi se compromete a garantizar la privacidad de quien visite dr\u0430mj\u0430di.com; Aqu\u00ed en adelante se explica c\u00f3mo se tratar\u00e1 su informaci\u00f3n personal<\/p>\n<p class=\"para-content\">1.2 Dramjadi te pedir\u00e1 que des tu consentimiento para el uso de cookies de acuerdo con los t\u00e9rminos de dramjadi.com en tu primer visita. Al usar dramjadi.com y aceptar estas condiciones, das tu consetimiento de acuerdo con estas condiciones.<\/p>\n<\/p><\/div>\n<\/p><\/div>\n<div class=\"accordion-item\">\n<h2 class=\"accordion-btn\">2. RECOGER INFORMACI\u00d3N PERSONAL<\/h2>\n<div class=\"accordion-content\">\n            COLLECTING PERSONAL INFORMATION\n        <\/div>\n<\/p><\/div>\n<div class=\"accordion-item\">\n<h2 class=\"accordion-btn\">3. USO DE LA INFORMACI\u00d3N PERSONAL<\/h2>\n<div class=\"accordion-content\">\n            USing your PERSONAL information\n        <\/div>\n<\/p><\/div>\n<div class=\"accordion-item\">\n<h2 class=\"accordion-btn\">4. DIVULGAR INFORMACI\u00d3N PERSONAL<\/h2>\n<div class=\"accordion-content\">\n            DISCLOSING PERSONAL inFORMATION\n        <\/div>\n<\/p><\/div>\n<div class=\"accordion-item\">\n<h2 class=\"accordion-btn\">5. TRANSFERENCIA DE DATOS INTERNACIONAL<\/h2>\n<div class=\"accordion-content\">\n            International dATA traNSFERS\n        <\/div>\n<\/p><\/div>\n<div class=\"accordion-item\">\n<h2 class=\"accordion-btn\">6. INFORMACI\u00d3N PERSONAL GUARDADA<\/h2>\n<div class=\"accordion-content\">\n            Retaining personal inFORMATION\n        <\/div>\n<\/p><\/div>\n<div class=\"accordion-item\">\n<h2 class=\"accordion-btn\">7. SEGURIDAD DE TU INFORMACI\u00d3N PERSONAL<\/h2>\n<div class=\"accordion-content\">\n            Security OF your PERSONAL INFORMATION\n        <\/div>\n<\/p><\/div>\n<div class=\"accordion-item\">\n<h2 class=\"accordion-btn\">8. MODIFICACIONES<\/h2>\n<div class=\"accordion-content\">\n            AMENDMENTS\n        <\/div>\n<\/p><\/div>\n<div class=\"accordion-item\">\n<h2 class=\"accordion-btn\">9. TUS DERECHOS<\/h2>\n<div class=\"accordion-content\">\n            YOur rights\n        <\/div>\n<\/p><\/div>\n<div class=\"accordion-item\">\n<h2 class=\"accordion-btn\">10. SITIOS WEB DE TERCEROS<\/h2>\n<div class=\"accordion-content\">\n            Third party WEBSITES\n        <\/div>\n<\/p><\/div>\n<div class=\"accordion-item\">\n<h2 class=\"accordion-btn\">11. ACTUALIZAR INFORMACI\u00d3N<\/h2>\n<div class=\"accordion-content\">\n            UPDATING information\n        <\/div>\n<\/p><\/div>\n<div class=\"accordion-item\">\n<h2 class=\"accordion-btn\">12. COOKIES<\/h2>\n<div class=\"accordion-content\">\n            COOKIES\n        <\/div>\n<\/p><\/div>\n<\/div>\n","protected":false},"excerpt":{"rendered":"<p>1. INTRODUCCI\u00d3N 1.1 Dramjadi se compromete a garantizar la privacidad de quien visite dr\u0430mj\u0430di.com; Aqu\u00ed en adelante se explica c\u00f3mo se tratar\u00e1 su informaci\u00f3n personal 1.2 Dramjadi te pedir\u00e1 que des tu consentimiento para el uso de cookies de acuerdo con los t\u00e9rminos de dramjadi.com en tu primer visita. Al usar dramjadi.com y aceptar estas [&hellip;]<\/p>\n","protected":false},"author":1,"featured_media":0,"parent":0,"menu_order":0,"comment_status":"closed","ping_status":"closed","template":"","meta":{"footnotes":""},"class_list":["post-5012","page","type-page","status-publish","hentry"],"acf":[],"yoast_head":"<!-- This site is optimized with the Yoast SEO plugin v23.8 - https:\/\/yoast.com\/wordpress\/plugins\/seo\/ -->\n<title>Pol\u00edtica de privacidad - Plastic Surgery Houston | Cosmetic Surgeon &amp; Dermatologist<\/title>\n<meta name=\"robots\" content=\"index, follow, max-snippet:-1, max-image-preview:large, max-video-preview:-1\" \/>\n<link rel=\"canonical\" href=\"https:\/\/dramjadi.com\/es\/privacy-policy\/\" \/>\n<meta property=\"og:locale\" content=\"es_ES\" \/>\n<meta property=\"og:type\" content=\"article\" \/>\n<meta property=\"og:title\" content=\"Pol\u00edtica de privacidad - Plastic Surgery Houston | Cosmetic Surgeon &amp; Dermatologist\" \/>\n<meta property=\"og:description\" content=\"1. INTRODUCCI\u00d3N 1.1 Dramjadi se compromete a garantizar la privacidad de quien visite dr\u0430mj\u0430di.com; Aqu\u00ed en adelante se explica c\u00f3mo se tratar\u00e1 su informaci\u00f3n personal 1.2 Dramjadi te pedir\u00e1 que des tu consentimiento para el uso de cookies de acuerdo con los t\u00e9rminos de dramjadi.com en tu primer visita. Al usar dramjadi.com y aceptar estas [&hellip;]\" \/>\n<meta property=\"og:url\" content=\"https:\/\/dramjadi.com\/es\/privacy-policy\/\" \/>\n<meta property=\"og:site_name\" content=\"Plastic Surgery Houston | Cosmetic Surgeon &amp; Dermatologist\" \/>\n<meta property=\"article:modified_time\" content=\"2019-08-12T07:49:47+00:00\" \/>\n<meta name=\"twitter:card\" content=\"summary_large_image\" \/>\n<meta name=\"twitter:label1\" content=\"Tiempo de lectura\" \/>\n\t<meta name=\"twitter:data1\" content=\"1 minuto\" \/>\n<script type=\"application\/ld+json\" class=\"yoast-schema-graph\">{\"@context\":\"https:\/\/schema.org\",\"@graph\":[{\"@type\":\"WebPage\",\"@id\":\"https:\/\/dramjadi.com\/es\/privacy-policy\/\",\"url\":\"https:\/\/dramjadi.com\/es\/privacy-policy\/\",\"name\":\"Pol\u00edtica de privacidad - Plastic Surgery Houston | Cosmetic Surgeon &amp; Dermatologist\",\"isPartOf\":{\"@id\":\"https:\/\/dramjadi.com\/es\/#website\"},\"datePublished\":\"2018-10-05T11:15:14+00:00\",\"dateModified\":\"2019-08-12T07:49:47+00:00\",\"breadcrumb\":{\"@id\":\"https:\/\/dramjadi.com\/es\/privacy-policy\/#breadcrumb\"},\"inLanguage\":\"es\",\"potentialAction\":[{\"@type\":\"ReadAction\",\"target\":[\"https:\/\/dramjadi.com\/es\/privacy-policy\/\"]}]},{\"@type\":\"BreadcrumbList\",\"@id\":\"https:\/\/dramjadi.com\/es\/privacy-policy\/#breadcrumb\",\"itemListElement\":[{\"@type\":\"ListItem\",\"position\":1,\"name\":\"Home\",\"item\":\"https:\/\/dramjadi.com\/es\/\"},{\"@type\":\"ListItem\",\"position\":2,\"name\":\"Pol\u00edtica de privacidad\"}]},{\"@type\":\"WebSite\",\"@id\":\"https:\/\/dramjadi.com\/es\/#website\",\"url\":\"https:\/\/dramjadi.com\/es\/\",\"name\":\"Plastic Surgery Houston | Cosmetic Surgeon &amp; Dermatologist\",\"description\":\"Plastic Surgery Houston Office Offering Tummy Tucks, Liposuction, Breast Augmentation, and more.\",\"publisher\":{\"@id\":\"https:\/\/dramjadi.com\/es\/#organization\"},\"potentialAction\":[{\"@type\":\"SearchAction\",\"target\":{\"@type\":\"EntryPoint\",\"urlTemplate\":\"https:\/\/dramjadi.com\/es\/?s={search_term_string}\"},\"query-input\":{\"@type\":\"PropertyValueSpecification\",\"valueRequired\":true,\"valueName\":\"search_term_string\"}}],\"inLanguage\":\"es\"},{\"@type\":\"Organization\",\"@id\":\"https:\/\/dramjadi.com\/es\/#organization\",\"name\":\"Plastic Surgery Houston | Cosmetic Surgeon &amp; Dermatologist\",\"url\":\"https:\/\/dramjadi.com\/es\/\",\"logo\":{\"@type\":\"ImageObject\",\"inLanguage\":\"es\",\"@id\":\"https:\/\/dramjadi.com\/es\/#\/schema\/logo\/image\/\",\"url\":\"https:\/\/dramjadi.com\/wp-content\/uploads\/2018\/09\/logo.png\",\"contentUrl\":\"https:\/\/dramjadi.com\/wp-content\/uploads\/2018\/09\/logo.png\",\"width\":59,\"height\":67,\"caption\":\"Plastic Surgery Houston | Cosmetic Surgeon &amp; Dermatologist\"},\"image\":{\"@id\":\"https:\/\/dramjadi.com\/es\/#\/schema\/logo\/image\/\"}}]}<\/script>\n<!-- \/ Yoast SEO plugin. -->","yoast_head_json":{"title":"Pol\u00edtica de privacidad - Plastic Surgery Houston | Cosmetic Surgeon &amp; Dermatologist","robots":{"index":"index","follow":"follow","max-snippet":"max-snippet:-1","max-image-preview":"max-image-preview:large","max-video-preview":"max-video-preview:-1"},"canonical":"https:\/\/dramjadi.com\/es\/privacy-policy\/","og_locale":"es_ES","og_type":"article","og_title":"Pol\u00edtica de privacidad - Plastic Surgery Houston | Cosmetic Surgeon &amp; Dermatologist","og_description":"1. INTRODUCCI\u00d3N 1.1 Dramjadi se compromete a garantizar la privacidad de quien visite dr\u0430mj\u0430di.com; Aqu\u00ed en adelante se explica c\u00f3mo se tratar\u00e1 su informaci\u00f3n personal 1.2 Dramjadi te pedir\u00e1 que des tu consentimiento para el uso de cookies de acuerdo con los t\u00e9rminos de dramjadi.com en tu primer visita. Al usar dramjadi.com y aceptar estas [&hellip;]","og_url":"https:\/\/dramjadi.com\/es\/privacy-policy\/","og_site_name":"Plastic Surgery Houston | Cosmetic Surgeon &amp; Dermatologist","article_modified_time":"2019-08-12T07:49:47+00:00","twitter_card":"summary_large_image","twitter_misc":{"Tiempo de lectura":"1 minuto"},"schema":{"@context":"https:\/\/schema.org","@graph":[{"@type":"WebPage","@id":"https:\/\/dramjadi.com\/es\/privacy-policy\/","url":"https:\/\/dramjadi.com\/es\/privacy-policy\/","name":"Pol\u00edtica de privacidad - Plastic Surgery Houston | Cosmetic Surgeon &amp; Dermatologist","isPartOf":{"@id":"https:\/\/dramjadi.com\/es\/#website"},"datePublished":"2018-10-05T11:15:14+00:00","dateModified":"2019-08-12T07:49:47+00:00","breadcrumb":{"@id":"https:\/\/dramjadi.com\/es\/privacy-policy\/#breadcrumb"},"inLanguage":"es","potentialAction":[{"@type":"ReadAction","target":["https:\/\/dramjadi.com\/es\/privacy-policy\/"]}]},{"@type":"BreadcrumbList","@id":"https:\/\/dramjadi.com\/es\/privacy-policy\/#breadcrumb","itemListElement":[{"@type":"ListItem","position":1,"name":"Home","item":"https:\/\/dramjadi.com\/es\/"},{"@type":"ListItem","position":2,"name":"Pol\u00edtica de privacidad"}]},{"@type":"WebSite","@id":"https:\/\/dramjadi.com\/es\/#website","url":"https:\/\/dramjadi.com\/es\/","name":"Plastic Surgery Houston | Cosmetic Surgeon &amp; Dermatologist","description":"Plastic Surgery Houston Office Offering Tummy Tucks, Liposuction, Breast Augmentation, and more.","publisher":{"@id":"https:\/\/dramjadi.com\/es\/#organization"},"potentialAction":[{"@type":"SearchAction","target":{"@type":"EntryPoint","urlTemplate":"https:\/\/dramjadi.com\/es\/?s={search_term_string}"},"query-input":{"@type":"PropertyValueSpecification","valueRequired":true,"valueName":"search_term_string"}}],"inLanguage":"es"},{"@type":"Organization","@id":"https:\/\/dramjadi.com\/es\/#organization","name":"Plastic Surgery Houston | Cosmetic Surgeon &amp; Dermatologist","url":"https:\/\/dramjadi.com\/es\/","logo":{"@type":"ImageObject","inLanguage":"es","@id":"https:\/\/dramjadi.com\/es\/#\/schema\/logo\/image\/","url":"https:\/\/dramjadi.com\/wp-content\/uploads\/2018\/09\/logo.png","contentUrl":"https:\/\/dramjadi.com\/wp-content\/uploads\/2018\/09\/logo.png","width":59,"height":67,"caption":"Plastic Surgery Houston | Cosmetic Surgeon &amp; Dermatologist"},"image":{"@id":"https:\/\/dramjadi.com\/es\/#\/schema\/logo\/image\/"}}]}},"_links":{"self":[{"href":"https:\/\/dramjadi.com\/es\/wp-json\/wp\/v2\/pages\/5012"}],"collection":[{"href":"https:\/\/dramjadi.com\/es\/wp-json\/wp\/v2\/pages"}],"about":[{"href":"https:\/\/dramjadi.com\/es\/wp-json\/wp\/v2\/types\/page"}],"author":[{"embeddable":true,"href":"https:\/\/dramjadi.com\/es\/wp-json\/wp\/v2\/users\/1"}],"replies":[{"embeddable":true,"href":"https:\/\/dramjadi.com\/es\/wp-json\/wp\/v2\/comments?post=5012"}],"version-history":[{"count":3,"href":"https:\/\/dramjadi.com\/es\/wp-json\/wp\/v2\/pages\/5012\/revisions"}],"predecessor-version":[{"id":6107,"href":"https:\/\/dramjadi.com\/es\/wp-json\/wp\/v2\/pages\/5012\/revisions\/6107"}],"wp:attachment":[{"href":"https:\/\/dramjadi.com\/es\/wp-json\/wp\/v2\/media?parent=5012"}],"curies":[{"name":"wp","href":"https:\/\/api.w.org\/{rel}","templated":true}]}}